{"id":179,"date":"2016-12-13T19:27:32","date_gmt":"2016-12-13T18:27:32","guid":{"rendered":"http:\/\/childreninthecloud.org\/?page_id=179"},"modified":"2021-06-20T13:23:09","modified_gmt":"2021-06-20T11:23:09","slug":"vision-mission-werte","status":"publish","type":"page","link":"https:\/\/childreninthecloud.org\/de\/vision-mission-valeurs\/","title":{"rendered":"Vision, Mission, Werte"},"content":{"rendered":"<h2 class=\"wp-block-heading\" id=\"h-vision\"><u><b>Vision<\/b><\/u><\/h2>\n\n\n\n<p class=\"has-text-align-left\">Die Stiftung f\u00f6rdert<strong> Kindererziehung <\/strong>in der bestm\u00f6glichen Umgebung, damit sie sich f\u00fcr eine nachhaltige Zukunft entwickeln k\u00f6nnen.<\/p>\n\n\n\n<figure class=\"wp-block-image size-large\"><img decoding=\"async\" width=\"1024\" height=\"682\" data-src=\"https:\/\/childreninthecloud.org\/wp-content\/uploads\/2016\/12\/ec-24-DSC00341-1024x682.jpg\" alt=\"sona sch\u00fclerin\" class=\"wp-image-182 lazyload\" data-srcset=\"https:\/\/childreninthecloud.org\/wp-content\/uploads\/2016\/12\/ec-24-DSC00341-1024x682.jpg 1024w, https:\/\/childreninthecloud.org\/wp-content\/uploads\/2016\/12\/ec-24-DSC00341-300x200.jpg 300w, https:\/\/childreninthecloud.org\/wp-content\/uploads\/2016\/12\/ec-24-DSC00341-768x512.jpg 768w, https:\/\/childreninthecloud.org\/wp-content\/uploads\/2016\/12\/ec-24-DSC00341.jpg 2000w\" data-sizes=\"auto\" src=\"data:image\/svg+xml;base64,PHN2ZyB3aWR0aD0iMSIgaGVpZ2h0PSIxIiB4bWxucz0iaHR0cDovL3d3dy53My5vcmcvMjAwMC9zdmciPjwvc3ZnPg==\" style=\"--smush-placeholder-width: 1024px; --smush-placeholder-aspect-ratio: 1024\/682;\" data-original-sizes=\"(max-width: 1024px) 100vw, 1024px\" \/><figcaption>sch\u00fcler sona simien schule \u00e4thiopien ngo <\/figcaption><\/figure>\n\n\n\n<h2 class=\"wp-block-heading\" id=\"h-missions\"><u><b>Eins\u00e4tze<\/b><\/u><\/h2>\n\n\n\n<p>Unterst\u00fctzen Sie die Schaffung und Entwicklung von Bildungsinfrastruktur.<\/p>\n\n\n\n<p>Entwicklung von Projekten in lokaler Partnerschaft.<\/p>\n\n\n\n<p>Erstellung von Bildungs- und pers\u00f6nlichen Entwicklungsprojekten.<\/p>\n\n\n\n<p>Entwicklung eines effektiven Unterst\u00fctzungsausschusses :<\/p>\n\n\n\n<ul class=\"wp-block-list\"><li>Wohlt\u00e4tige Unterst\u00fctzung oder Sponsoring,<\/li><li>Sympathisanten, die ihr Image, ihre moralische, materielle oder technische Unterst\u00fctzung anbieten<\/li><li>Sozialpartner im Einsatz f\u00fcr fairen Handel<\/li><\/ul>\n\n\n\n<p>Schaffung eines Netzwerks zur Erleichterung von Projekten<\/p>\n\n\n\n<p>Realisierung von Projekten zu den besten Kosten unter Ber\u00fccksichtigung unserer Werte<\/p>\n\n\n\n<h2 class=\"wp-block-heading\" id=\"h-valeurs\"><u><b>Werte<\/b><\/u><\/h2>\n\n\n\n<ul class=\"wp-block-list\"><li>Unter der Schirmherrschaft der Erkl\u00e4rung der Rechte des Kindes von <strong><a href=\"https:\/\/www.unicef.fr\/dossier\/convention-internationale-des-droits-de-lenfant\" target=\"_blank\" rel=\"noreferrer noopener\">UNICEF<\/a><\/strong><\/li><\/ul>\n\n\n\n<ul class=\"wp-block-list\"><li>Verbesserung der <strong>Ausbildung<\/strong> Kindern, die in prek\u00e4ren Situationen leben, eine Chance zu geben<\/li><\/ul>\n\n\n\n<ul class=\"wp-block-list\"><li>Verbesserung der Ausbildung zu einem <strong>nachhaltige Entwicklung<\/strong><\/li><\/ul>\n\n\n\n<ul class=\"wp-block-list\"><li>Auswahl der Projekte auf Basis von Ethik, Machbarkeit, Nachhaltigkeit und Effizienz, indem wir uns mit den besten Spezialisten umgeben<\/li><\/ul>\n\n\n\n<ul class=\"wp-block-list\"><li>Jeder gespendete Franken ist f\u00fcr eine konkrete Aktion bestimmt<\/li><\/ul>\n\n\n\n<ul class=\"wp-block-list\"><li><strong>Transparenz<\/strong> unserer Arbeit. Selbstverst\u00e4ndlich legen wir den Aufsichtsbeh\u00f6rden jedes Jahr Rechenschaft ab und informieren so weit wie m\u00f6glich \u00fcber die Verwendung der Gelder und <a href=\"https:\/\/childreninthecloud.org\/de\/projekt-in-video\/\">den Fortschritt der Arbeit.<\/a> <\/li><\/ul>","protected":false},"excerpt":{"rendered":"<p>Vision Die Stiftung f\u00f6rdert die Ausbildung von Kindern in der bestm\u00f6glichen Umgebung, damit sie sich f\u00fcr eine nachhaltige Zukunft entwickeln k\u00f6nnen. Missionen Unterst\u00fctzen Sie die Schaffung und Entwicklung von Bildungsinfrastrukturen. Entwicklung von Projekten in lokaler Partnerschaft. Erstellung von Bildungs- und pers\u00f6nlichen Entwicklungsprojekten. Entwicklung eines effektiven Unterst\u00fctzungskomitees: Wohlt\u00e4tige Unterst\u00fctzung oder Sponsoring, Sympathisanten, die ihr Image anbieten, Unterst\u00fctzung ... <\/p>","protected":false},"author":3,"featured_media":0,"parent":0,"menu_order":0,"comment_status":"closed","ping_status":"closed","template":"","meta":{"footnotes":""},"class_list":["post-179","page","type-page","status-publish","hentry","latest_post"],"_links":{"self":[{"href":"https:\/\/childreninthecloud.org\/de\/wp-json\/wp\/v2\/pages\/179","targetHints":{"allow":["GET"]}}],"collection":[{"href":"https:\/\/childreninthecloud.org\/de\/wp-json\/wp\/v2\/pages"}],"about":[{"href":"https:\/\/childreninthecloud.org\/de\/wp-json\/wp\/v2\/types\/page"}],"author":[{"embeddable":true,"href":"https:\/\/childreninthecloud.org\/de\/wp-json\/wp\/v2\/users\/3"}],"replies":[{"embeddable":true,"href":"https:\/\/childreninthecloud.org\/de\/wp-json\/wp\/v2\/comments?post=179"}],"version-history":[{"count":0,"href":"https:\/\/childreninthecloud.org\/de\/wp-json\/wp\/v2\/pages\/179\/revisions"}],"wp:attachment":[{"href":"https:\/\/childreninthecloud.org\/de\/wp-json\/wp\/v2\/media?parent=179"}],"curies":[{"name":"wp","href":"https:\/\/api.w.org\/{rel}","templated":true}]}}