{"id":241,"date":"2016-12-15T19:10:25","date_gmt":"2016-12-15T18:10:25","guid":{"rendered":"http:\/\/childreninthecloud.org\/?page_id=241"},"modified":"2024-04-15T20:24:17","modified_gmt":"2024-04-15T19:24:17","slug":"prasentation-bauprojekt-schule-simien","status":"publish","type":"page","link":"https:\/\/childreninthecloud.org\/de\/presentation-projet-construction-ecole-simien\/","title":{"rendered":"Pr\u00e4sentation von Children in the Cloud"},"content":{"rendered":"<header class=\"entry-header\">\n<h3 class=\"entry-title single-title\">Children in the Cloud \/ Sona-Projekt<\/h3>\n<\/header>\n<p>Der Zweck des <strong>Children in the Cloud-Stiftung<\/strong> ist die Unterst\u00fctzung der Schaffung und Entwicklung von <strong>Bildungsinfrastruktur<\/strong> den Zugang zu qualitativ hochwertiger Bildung f\u00fcr Amhara-Kinder in <strong>\u00c4thiopien.<\/strong> Die Stiftung arbeitet in den hochgelegenen D\u00f6rfern von <strong>Simien-Gebirge<\/strong> indem Sie die Menschen in der Gemeinde dazu bringen, sich pers\u00f6nlich an dem Projekt \"Bau einer Schule in Simien\" zu beteiligen.<\/p>\n<p>Es war w\u00e4hrend eines Trekkings im Jahr 2015 im <a href=\"https:\/\/childreninthecloud.org\/de\/das-massiv-des-simien-vorstellung\/\">Simien in \u00c4thiopien<\/a> dass wir auf die fehlende schulische Infrastruktur im Dorf Sona aufmerksam gemacht wurden. Es befindet sich auf einer H\u00f6he von 3500m. Seine Bewohner leben fernab von jeder Stra\u00dfe von nicht mechanisiertem Getreideanbau und einer Schaf- und B\u00fcffelherde, die auf den Anbaufl\u00e4chen weidet. Sie leben ohne Wasser und Strom, in Lehmh\u00fctten in einer sehr prek\u00e4ren Situation. Mit wenig oder gar keinem Geld hat die Gemeinde keine Mittel, um ihren Kindern das N\u00f6tigste f\u00fcr ihre Ausbildung zu geben.<\/p>\n<h3>2015-2019 - Geschichte der Stiftung<\/h3>\n<p><iframe data-src=\"https:\/\/www.youtube.com\/embed\/KlK4Tfm3cMs\" width=\"560\" height=\"315\" frameborder=\"0\" allowfullscreen=\"allowfullscreen\" src=\"data:image\/svg+xml;base64,PHN2ZyB3aWR0aD0iMSIgaGVpZ2h0PSIxIiB4bWxucz0iaHR0cDovL3d3dy53My5vcmcvMjAwMC9zdmciPjwvc3ZnPg==\" class=\"lazyload\" data-load-mode=\"1\"><\/iframe><\/p>\n<p>Dieses Video zeichnet in 6mn30 die ersten 4 Jahre der Arbeit der Children in the Cloud Foundation nach. Erfahren Sie mehr unter <a href=\"https:\/\/childreninthecloud.org\/de\/projekt-in-video\/\">alle unsere Videos in der daf\u00fcr vorgesehenen Rubrik<\/a>.<\/p>\n<h3><strong>Das Dorf Sona<\/strong><a href=\"https:\/\/childreninthecloud.org\/wp-content\/uploads\/2016\/09\/drone-sona-0022.jpg\"><img decoding=\"async\" class=\"alignright wp-image-56 size-large lazyload\" title=\"Sona Simen \u00c4thiopien \" data-src=\"https:\/\/childreninthecloud.org\/wp-content\/uploads\/2016\/09\/drone-sona-0022-1024x767.jpg\" alt=\"\" width=\"730\" height=\"547\" data-srcset=\"https:\/\/childreninthecloud.org\/wp-content\/uploads\/2016\/09\/drone-sona-0022-1024x767.jpg 1024w, https:\/\/childreninthecloud.org\/wp-content\/uploads\/2016\/09\/drone-sona-0022-300x225.jpg 300w, https:\/\/childreninthecloud.org\/wp-content\/uploads\/2016\/09\/drone-sona-0022-768x576.jpg 768w, https:\/\/childreninthecloud.org\/wp-content\/uploads\/2016\/09\/drone-sona-0022.jpg 2000w\" data-sizes=\"auto\" src=\"data:image\/svg+xml;base64,PHN2ZyB3aWR0aD0iMSIgaGVpZ2h0PSIxIiB4bWxucz0iaHR0cDovL3d3dy53My5vcmcvMjAwMC9zdmciPjwvc3ZnPg==\" style=\"--smush-placeholder-width: 730px; --smush-placeholder-aspect-ratio: 730\/547;\" data-original-sizes=\"(max-width: 730px) 100vw, 730px\" \/><\/a><\/h3>\n<ul>\n<li>Hochplateau am Rande des Simien Mountains Nationalparks, einem UNESCO-Weltkulturerbe<\/li>\n<li>die durchschnittliche H\u00f6he betr\u00e4gt 3600 m.<\/li>\n<li>Sesshafte Bev\u00f6lkerung<\/li>\n<li>8'000 Einwohner, 2'000 Kinder im Schulalter (Sch\u00e4tzung)<\/li>\n<li>Fehlende Schul- und Gesundheitsinfrastruktur<\/li>\n<li>Grundschulklassen 1 bis 8. Keine weiterf\u00fchrende Schule<\/li>\n<li>Selbstversorgender und nicht mechanisierter Getreideanbau<\/li>\n<li>Nur eine Ernte pro Jahr<\/li>\n<li>Tiere: Schafe, Rinder, H\u00fchner, Maultiere, etc.<\/li>\n<li>Kein Wasser in den H\u00fctten, kein Strom<\/li>\n<li>Keine Stra\u00dfe, Zugang nur \u00fcber Saumpfade. Die n\u00e4chstgelegene Strecke ist ca. 2h30 entfernt.<\/li>\n<\/ul>\n<h3><strong>Das Sona-Projekt<\/strong><\/h3>\n<ul>\n<li><a href=\"https:\/\/childreninthecloud.org\/de\/lecole-sort-de-terre-quelle-emotion\/\" target=\"_blank\" rel=\"noopener noreferrer\">Bau einer Grundschule<\/a> f\u00fcr 600 Studenten<\/li>\n<li>Elektrifizierung der Schule durch einen <a href=\"https:\/\/childreninthecloud.org\/de\/der-strom-kommt-in-der-schule-von-sona-an\/\" target=\"_blank\" rel=\"noopener\">Fotovoltaikanlage<\/a> und Batterien<\/li>\n<li>Bereitstellung von Schulausstattung und Fachb\u00fcchern<\/li>\n<li>Bereitstellung von Uniformen<\/li>\n<li>Bau von Gesundheits- und Bildungsinfrastruktur <a href=\"https:\/\/childreninthecloud.org\/de\/das-wasser-ist-in-der-schule-angekommen\/\" target=\"_blank\" rel=\"noopener noreferrer\">Wasser in die Schule bringen<\/a><\/li>\n<li>Gemeindesaal und Erste-Hilfe-Raum in Partnerschaft mit dem Simien Mountains Mobile Medical Service<\/li>\n<li>20 Unterkunft f\u00fcr Schullehrer<\/li>\n<li>Campingbereich f\u00fcr den Empfang von Touristen<\/li>\n<\/ul>\n<p><a href=\"https:\/\/childreninthecloud.org\/wp-content\/uploads\/2016\/09\/Ethiopie-mai-2016-2679.jpg\"><img decoding=\"async\" class=\"alignright wp-image-59 size-large lazyload\" data-src=\"https:\/\/childreninthecloud.org\/wp-content\/uploads\/2016\/09\/Ethiopie-mai-2016-2679-1024x682.jpg\" alt=\"\" width=\"730\" height=\"486\" data-srcset=\"https:\/\/childreninthecloud.org\/wp-content\/uploads\/2016\/09\/Ethiopie-mai-2016-2679-1024x682.jpg 1024w, https:\/\/childreninthecloud.org\/wp-content\/uploads\/2016\/09\/Ethiopie-mai-2016-2679-300x200.jpg 300w, https:\/\/childreninthecloud.org\/wp-content\/uploads\/2016\/09\/Ethiopie-mai-2016-2679-768x512.jpg 768w, https:\/\/childreninthecloud.org\/wp-content\/uploads\/2016\/09\/Ethiopie-mai-2016-2679.jpg 2000w\" data-sizes=\"auto\" src=\"data:image\/svg+xml;base64,PHN2ZyB3aWR0aD0iMSIgaGVpZ2h0PSIxIiB4bWxucz0iaHR0cDovL3d3dy53My5vcmcvMjAwMC9zdmciPjwvc3ZnPg==\" style=\"--smush-placeholder-width: 730px; --smush-placeholder-aspect-ratio: 730\/486;\" data-original-sizes=\"(max-width: 730px) 100vw, 730px\" \/><\/a><\/p>\n<p>Wir haben Ende April 2016 einen ersten Kontakt mit der \u00d6ffentlichkeit hergestellt und ihre Bed\u00fcrfnisse besprochen. Die <strong>gute Regierungsf\u00fchrung<\/strong> des Projekts ist f\u00fcr uns eine Priorit\u00e4t, da sie die Bedarfsgerechtigkeit und Nachhaltigkeit des Projekts sicherstellt.<\/p>\n<p>A <strong>Bauausschuss<\/strong> (Foto nebenstehend) wurde eingerichtet und die <strong>Schulkomitee<\/strong> Das bereits existierende Komitee wurde reaktiviert und gest\u00e4rkt. Der Bauausschuss spielt eine wichtige Rolle f\u00fcr den reibungslosen Ablauf der Baustelle und sorgt daf\u00fcr, dass Termine und Kosten eingehalten werden.<\/p>\n<p>Die gesch\u00e4tzten Kosten f\u00fcr das gesamte Projekt der Sona-Schule belaufen sich auf 400.000 Schweizer Franken ohne Inlandsbeitr\u00e4ge, d. h. die Bereitstellung des Grundst\u00fccks, eines Teils der Transport- und Bauarbeiter.<\/p>\n<p>Das gesamte Projekt wurde Anfang 2023 \u00fcbergeben, gest\u00f6rt durch die <a href=\"https:\/\/childreninthecloud.org\/de\/aktivitaten-der-stiftung-wahrend-der-epidemie-des-coronavirus-covid19\/\"><strong>COVID 19 Gesundheitskrise<\/strong>,<\/a> und dem B\u00fcrgerkrieg, unter dem die Region zu leiden hatte.<\/p>","protected":false},"excerpt":{"rendered":"<p>Children in the Cloud \/ Sona Projekt Das Ziel der Children in the Cloud Foundation ist es, die Schaffung und Entwicklung von Bildungsinfrastruktur zu unterst\u00fctzen, um Kindern in Amhara, \u00c4thiopien, Zugang zu qualitativ hochwertiger Bildung zu erm\u00f6glichen. Die Stiftung arbeitet in den Hochlandd\u00f6rfern des Simien-Gebirges, indem sie die Menschen der Gemeinde in ein pers\u00f6nliches Engagement f\u00fcr Bildung einbindet. <\/p>","protected":false},"author":3,"featured_media":0,"parent":0,"menu_order":0,"comment_status":"closed","ping_status":"closed","template":"","meta":{"footnotes":""},"class_list":["post-241","page","type-page","status-publish","hentry","latest_post"],"_links":{"self":[{"href":"https:\/\/childreninthecloud.org\/de\/wp-json\/wp\/v2\/pages\/241","targetHints":{"allow":["GET"]}}],"collection":[{"href":"https:\/\/childreninthecloud.org\/de\/wp-json\/wp\/v2\/pages"}],"about":[{"href":"https:\/\/childreninthecloud.org\/de\/wp-json\/wp\/v2\/types\/page"}],"author":[{"embeddable":true,"href":"https:\/\/childreninthecloud.org\/de\/wp-json\/wp\/v2\/users\/3"}],"replies":[{"embeddable":true,"href":"https:\/\/childreninthecloud.org\/de\/wp-json\/wp\/v2\/comments?post=241"}],"version-history":[{"count":0,"href":"https:\/\/childreninthecloud.org\/de\/wp-json\/wp\/v2\/pages\/241\/revisions"}],"wp:attachment":[{"href":"https:\/\/childreninthecloud.org\/de\/wp-json\/wp\/v2\/media?parent=241"}],"curies":[{"name":"wp","href":"https:\/\/api.w.org\/{rel}","templated":true}]}}