{"id":5490,"date":"2021-07-15T09:44:23","date_gmt":"2021-07-15T07:44:23","guid":{"rendered":"https:\/\/childreninthecloud.org\/?page_id=5490"},"modified":"2025-04-25T10:57:51","modified_gmt":"2025-04-25T09:57:51","slug":"zahlung-sponsoring","status":"publish","type":"page","link":"https:\/\/childreninthecloud.org\/de\/paiement-parrainage\/","title":{"rendered":"Sponsorenzahlung 2024-2025 f\u00fcr in der Schweiz steuerlich ans\u00e4ssige Personen."},"content":{"rendered":"<p><strong>Wenn Sie in der Europ\u00e4ischen Union steuerlich ans\u00e4ssig sind, kontaktieren Sie uns bitte f\u00fcr weitere Informationen.<\/strong><\/p>\r\n\r\n\r\n\r\n<p><b><i>Danke f\u00fcr Ihr Engagement und Ihre Unterst\u00fctzung<\/i><\/b><b style=\"font-style: italic;\">ien an die Kinder von Sona<\/b><em style=\"font-style: italic; font-weight: bold;\"><strong>.<\/strong><\/em> <em><strong> Sie k\u00f6nnen die Zahlung von 60 CHF monatlich einrichten.<\/strong><\/em><em style=\"font-style: italic; font-weight: bold;\"><strong>nt<\/strong><\/em><em><strong>\u00a0<em style=\"font-style: italic; font-weight: bold;\"><strong>oder 720 CHF <\/strong><\/em>j\u00e4hrlich oder 2880 CHF auf einmal bezahlen, mit diesem Zahlungsmodul<\/strong><\/em><i><strong> per Kreditkarte. Um die Zahlung per Bank\u00fcberweisung einzurichten, kontaktieren Sie uns :<\/strong><\/i><\/p>\r\n\r\n\r\n<form id=\"forminator-module-8057\" class=\"forminator-custom-form forminator-custom-form-8057\" method=\"post\" data-forminator-render=\"0\" data-uid=\"69df4920bc33a\" action=\"\"><div role=\"alert\" aria-live=\"polite\" class=\"forminator-response-message forminator-error\" aria-hidden=\"true\"><\/div><input type=\"hidden\" name=\"trp-form-language\" value=\"de\"\/><\/form>\n\r\n\r\n\r\n<p>&nbsp;<\/p>\r\n\r\n\r\n\r\n<p><strong>Oder kontaktieren Sie uns, indem Sie dieses Formular ausf\u00fcllen:<\/strong><\/p>\r\n\r\n\r\n\r\n<div class=\"forminator-guttenberg\"><form id=\"forminator-module-6956\" class=\"forminator-custom-form forminator-custom-form-6956\" method=\"post\" data-forminator-render=\"0\" data-uid=\"69df4920c0296\" action=\"\"><div role=\"alert\" aria-live=\"polite\" class=\"forminator-response-message forminator-error\" aria-hidden=\"true\"><\/div><input type=\"hidden\" name=\"trp-form-language\" value=\"de\"\/><\/form><\/div>\r\n\r\n\r\n\r\n<p>&nbsp;<\/p>\r\n\r\n\r\n\r\n<p>&nbsp;<\/p>\r\n\r\n\r\n<hr class=\"wp-block-separator has-css-opacity aligncenter\" \/>\r\n\r\n\r\n<p>&nbsp;<\/p>","protected":false},"excerpt":{"rendered":"<p>Wenn Sie steuerlich in der Europ\u00e4ischen Union ans\u00e4ssig sind, kontaktieren Sie uns bitte f\u00fcr weitere Informationen. Vielen Dank f\u00fcr Ihr Engagement und Ihre Unterst\u00fctzung f\u00fcr die Kinder in Sona. Sie k\u00f6nnen die Zahlung von 60 CHF monatlich oder 720 CHF j\u00e4hrlich einrichten oder 2880 CHF auf einmal bezahlen, indem Sie dieses Modul f\u00fcr Kreditkartenzahlungen verwenden. So richten Sie ein ... <\/p>","protected":false},"author":10,"featured_media":0,"parent":0,"menu_order":0,"comment_status":"closed","ping_status":"closed","template":"","meta":{"footnotes":""},"class_list":["post-5490","page","type-page","status-publish","hentry","latest_post"],"_links":{"self":[{"href":"https:\/\/childreninthecloud.org\/de\/wp-json\/wp\/v2\/pages\/5490","targetHints":{"allow":["GET"]}}],"collection":[{"href":"https:\/\/childreninthecloud.org\/de\/wp-json\/wp\/v2\/pages"}],"about":[{"href":"https:\/\/childreninthecloud.org\/de\/wp-json\/wp\/v2\/types\/page"}],"author":[{"embeddable":true,"href":"https:\/\/childreninthecloud.org\/de\/wp-json\/wp\/v2\/users\/10"}],"replies":[{"embeddable":true,"href":"https:\/\/childreninthecloud.org\/de\/wp-json\/wp\/v2\/comments?post=5490"}],"version-history":[{"count":0,"href":"https:\/\/childreninthecloud.org\/de\/wp-json\/wp\/v2\/pages\/5490\/revisions"}],"wp:attachment":[{"href":"https:\/\/childreninthecloud.org\/de\/wp-json\/wp\/v2\/media?parent=5490"}],"curies":[{"name":"wp","href":"https:\/\/api.w.org\/{rel}","templated":true}]}}