{"id":5650,"date":"2021-11-15T12:57:53","date_gmt":"2021-11-15T10:57:53","guid":{"rendered":"https:\/\/childreninthecloud.org\/?page_id=5650"},"modified":"2025-07-10T16:40:05","modified_gmt":"2025-07-10T15:40:05","slug":"humanitare-spende-athiopien","status":"publish","type":"page","link":"https:\/\/childreninthecloud.org\/de\/don-humanitaire-ethiopie\/","title":{"rendered":"Spenden"},"content":{"rendered":"<p class=\"has-medium-font-size\"><strong>Um die in Ihrem Wohnsitzland geltende Steuererm\u00e4\u00dfigung in Anspruch nehmen zu k\u00f6nnen<\/strong><\/p>\n\n\n\n<h2 class=\"wp-block-heading\" id=\"h-cliquez-sur-le-drapeau-de-votre-pays-de-r-sidence\"><strong>Klicken Sie auf die Flagge des Landes, in dem Sie wohnen!<\/strong><\/h2>\n\n\n\n<div class=\"wp-block-group\"><div class=\"wp-block-group__inner-container is-layout-flow wp-block-group-is-layout-flow\">\n<div class=\"wp-block-columns are-vertically-aligned-center is-layout-flex wp-container-core-columns-is-layout-9d6595d7 wp-block-columns-is-layout-flex\">\n<div class=\"wp-block-column is-vertically-aligned-top is-layout-flow wp-block-column-is-layout-flow\" style=\"flex-basis:100%\">\n<div class=\"wp-block-columns is-layout-flex wp-container-core-columns-is-layout-9d6595d7 wp-block-columns-is-layout-flex\">\n<div class=\"wp-block-column is-layout-flow wp-block-column-is-layout-flow\" style=\"flex-basis:100%\">\n<div class=\"wp-block-group\"><div class=\"wp-block-group__inner-container is-layout-flow wp-block-group-is-layout-flow\">\n<div class=\"wp-block-group\"><div class=\"wp-block-group__inner-container is-layout-flow wp-block-group-is-layout-flow\">\n<figure class=\"wp-block-table aligncenter is-style-regular\"><table class=\"has-fixed-layout\"><tbody><tr><td class=\"has-text-align-center\" data-align=\"center\"><a href=\"https:\/\/childreninthecloud.org\/de\/schweiz\/\"><img decoding=\"async\" width=\"150\" height=\"150\" class=\"wp-image-7072 lazyload\" style=\"--smush-placeholder-width: 150px; --smush-placeholder-aspect-ratio: 150\/150;width: 150px;\" data-src=\"https:\/\/childreninthecloud.org\/wp-content\/uploads\/2024\/01\/ch.jpg\" alt=\"\" data-srcset=\"https:\/\/childreninthecloud.org\/wp-content\/uploads\/2024\/01\/ch.jpg 640w, https:\/\/childreninthecloud.org\/wp-content\/uploads\/2024\/01\/ch-300x300.jpg 300w, https:\/\/childreninthecloud.org\/wp-content\/uploads\/2024\/01\/ch-150x150.jpg 150w, https:\/\/childreninthecloud.org\/wp-content\/uploads\/2024\/01\/ch-12x12.jpg 12w, https:\/\/childreninthecloud.org\/wp-content\/uploads\/2024\/01\/ch-275x275.jpg 275w, https:\/\/childreninthecloud.org\/wp-content\/uploads\/2024\/01\/ch-75x75.jpg 75w\" data-sizes=\"auto\" src=\"data:image\/svg+xml;base64,PHN2ZyB3aWR0aD0iMSIgaGVpZ2h0PSIxIiB4bWxucz0iaHR0cDovL3d3dy53My5vcmcvMjAwMC9zdmciPjwvc3ZnPg==\" data-original-sizes=\"(max-width: 150px) 100vw, 150px\" \/><\/a><a href=\"https:\/\/childreninthecloud.org\/de\/aus-deutschland\/\"><\/a><\/td><td class=\"has-text-align-center\" data-align=\"center\"><a href=\"https:\/\/donate.transnationalgiving.eu\/germany\/children_in_the_cloud?lang=de_DE\" data-type=\"link\" data-id=\"https:\/\/childreninthecloud.org\/depuis-lallemagne\/\" target=\"_blank\" rel=\"noreferrer noopener\"><img decoding=\"async\" width=\"150\" height=\"90\" class=\"wp-image-7068 lazyload\" style=\"--smush-placeholder-width: 150px; --smush-placeholder-aspect-ratio: 150\/90;width: 150px;\" data-src=\"https:\/\/childreninthecloud.org\/wp-content\/uploads\/2024\/01\/de.jpg\" alt=\"\" data-srcset=\"https:\/\/childreninthecloud.org\/wp-content\/uploads\/2024\/01\/de.jpg 640w, https:\/\/childreninthecloud.org\/wp-content\/uploads\/2024\/01\/de-300x180.jpg 300w, https:\/\/childreninthecloud.org\/wp-content\/uploads\/2024\/01\/de-18x12.jpg 18w\" data-sizes=\"auto\" src=\"data:image\/svg+xml;base64,PHN2ZyB3aWR0aD0iMSIgaGVpZ2h0PSIxIiB4bWxucz0iaHR0cDovL3d3dy53My5vcmcvMjAwMC9zdmciPjwvc3ZnPg==\" data-original-sizes=\"(max-width: 150px) 100vw, 150px\" \/><\/a><\/td><td class=\"has-text-align-center\" data-align=\"center\"><a href=\"https:\/\/donate.transnationalgiving.eu\/france\/children_in_the_cloud?lang=fr_FR\" target=\"_blank\" rel=\"noreferrer noopener\"><img decoding=\"async\" width=\"150\" height=\"100\" class=\"wp-image-7069 lazyload\" style=\"--smush-placeholder-width: 150px; --smush-placeholder-aspect-ratio: 150\/100;width: 150px;\" data-src=\"https:\/\/childreninthecloud.org\/wp-content\/uploads\/2024\/01\/fr.png\" alt=\"\" data-srcset=\"https:\/\/childreninthecloud.org\/wp-content\/uploads\/2024\/01\/fr.png 1280w, https:\/\/childreninthecloud.org\/wp-content\/uploads\/2024\/01\/fr-300x200.png 300w, https:\/\/childreninthecloud.org\/wp-content\/uploads\/2024\/01\/fr-1024x682.png 1024w, https:\/\/childreninthecloud.org\/wp-content\/uploads\/2024\/01\/fr-768x512.png 768w, https:\/\/childreninthecloud.org\/wp-content\/uploads\/2024\/01\/fr-18x12.png 18w, https:\/\/childreninthecloud.org\/wp-content\/uploads\/2024\/01\/fr-350x235.png 350w\" data-sizes=\"auto\" src=\"data:image\/svg+xml;base64,PHN2ZyB3aWR0aD0iMSIgaGVpZ2h0PSIxIiB4bWxucz0iaHR0cDovL3d3dy53My5vcmcvMjAwMC9zdmciPjwvc3ZnPg==\" data-original-sizes=\"(max-width: 150px) 100vw, 150px\" \/><\/a><\/td><td class=\"has-text-align-center\" data-align=\"center\"><a href=\"https:\/\/www.transnationalgiving.eu\/from-spain\" target=\"_blank\" rel=\"noreferrer noopener\"><img decoding=\"async\" width=\"150\" height=\"100\" class=\"wp-image-7067 lazyload\" style=\"--smush-placeholder-width: 150px; --smush-placeholder-aspect-ratio: 150\/100;width: 150px;\" data-src=\"https:\/\/childreninthecloud.org\/wp-content\/uploads\/2024\/01\/es.png\" alt=\"\" data-srcset=\"https:\/\/childreninthecloud.org\/wp-content\/uploads\/2024\/01\/es.png 640w, https:\/\/childreninthecloud.org\/wp-content\/uploads\/2024\/01\/es-300x200.png 300w, https:\/\/childreninthecloud.org\/wp-content\/uploads\/2024\/01\/es-18x12.png 18w, https:\/\/childreninthecloud.org\/wp-content\/uploads\/2024\/01\/es-350x235.png 350w\" data-sizes=\"auto\" src=\"data:image\/svg+xml;base64,PHN2ZyB3aWR0aD0iMSIgaGVpZ2h0PSIxIiB4bWxucz0iaHR0cDovL3d3dy53My5vcmcvMjAwMC9zdmciPjwvc3ZnPg==\" data-original-sizes=\"(max-width: 150px) 100vw, 150px\" \/><\/a><\/td><td class=\"has-text-align-center\" data-align=\"center\"><a href=\"https:\/\/childreninthecloud.org\/de\/spenden-andere-lander\/\"><img decoding=\"async\" width=\"150\" height=\"100\" class=\"wp-image-7066 lazyload\" style=\"--smush-placeholder-width: 150px; --smush-placeholder-aspect-ratio: 150\/100;width: 150px;\" data-src=\"https:\/\/childreninthecloud.org\/wp-content\/uploads\/2024\/01\/un.png\" alt=\"\" data-srcset=\"https:\/\/childreninthecloud.org\/wp-content\/uploads\/2024\/01\/un.png 640w, https:\/\/childreninthecloud.org\/wp-content\/uploads\/2024\/01\/un-300x200.png 300w, https:\/\/childreninthecloud.org\/wp-content\/uploads\/2024\/01\/un-18x12.png 18w, https:\/\/childreninthecloud.org\/wp-content\/uploads\/2024\/01\/un-350x235.png 350w\" data-sizes=\"auto\" src=\"data:image\/svg+xml;base64,PHN2ZyB3aWR0aD0iMSIgaGVpZ2h0PSIxIiB4bWxucz0iaHR0cDovL3d3dy53My5vcmcvMjAwMC9zdmciPjwvc3ZnPg==\" data-original-sizes=\"(max-width: 150px) 100vw, 150px\" \/><\/a><\/td><\/tr><\/tbody><\/table><\/figure>\n\n\n\n<p><\/p>\n<\/div><\/div>\n<\/div><\/div>\n<\/div>\n<\/div>\n<\/div>\n<\/div>\n<\/div><\/div>\n\n\n\n<div class=\"wp-block-columns is-layout-flex wp-container-core-columns-is-layout-9d6595d7 wp-block-columns-is-layout-flex\"><\/div>\n\n\n\n<h2 class=\"wp-block-heading\" id=\"h-b-n-ficiez-d-une-d-duction-fiscale\">Profitieren Sie von einem Steuerabzug<\/h2>\n\n\n\n<p>Je nach Land Ihres Wohnsitzes k\u00f6nnen Sie von einer Steuererm\u00e4\u00dfigung oder einem Steuerabzug profitieren. Children in the Cloud ist eine anerkannte Stiftung des Kantons Waadt (VD - Schweiz) und profitiert als solche vom Steuerabzug f\u00fcr Spenden. Schweizer Steuerzahler k\u00f6nnen ihre Spenden direkt an die Stiftung \u00fcberweisen, die dann eine Steuerbescheinigung ausstellt, die zum Steuerabzug berechtigt. F\u00fcr die anderen europ\u00e4ischen L\u00e4nder, die Mitglied der TGE (Transnational Giving Europe) sind, wird in jedem Land eine Stiftung benannt, die Spenden entgegennimmt und die Steuerbescheinigung zu den im Wohnsitzland des Spenders geltenden Bedingungen ausstellt. Jede der nationalen Stiftungen (<em>Fondation de France<\/em>,&nbsp;<em>Empresa &amp; Sociedad<\/em>&nbsp;in Spanien,&nbsp;<em>Maecenata<\/em>&nbsp;in Deutschland, etc.) \u00fcberweist dann die gesammelten Spenden an uns. Ein Prozentsatz (in der Regel etwa 5%) wird von jeder zwischengeschalteten Stiftung f\u00fcr Verwaltungskosten abgezogen.<\/p>\n\n\n\n<h2 class=\"wp-block-heading\" id=\"h-children-in-the-cloud-6-ans-d-actions\">Children in the Cloud - 8 Jahre Aktionen!<\/h2>\n\n\n\n<p>Wir haben Ende April 2016 einen ersten Kontakt mit der Bev\u00f6lkerung hergestellt und ihre Notwendigkeiten diskutiert. Daraus ergaben sich die entscheidenden Elemente, die wir f\u00fcr die Formulierung des Projekts nutzten. Nach der Regenzeit (Mai - August) entwickelten wir das Projekt mit der Unterst\u00fctzung einer \u00e4thiopischen Person, die bereits \u00e4hnliche Projekte im S\u00fcden des Landes f\u00fcr eine englische NGO erfolgreich durchgef\u00fchrt hatte. Die gesch\u00e4tzten Kosten f\u00fcr die erste Phase des Projekts beliefen sich auf 350.000 Schweizer Franken (ohne inl\u00e4ndische Beitr\u00e4ge), d. h. Land, Transport- und Bauarbeiter. Unser Ziel war es, gen\u00fcgend Geld zu beschaffen, um den Bau 2021 fertigstellen zu k\u00f6nnen. Die Herausforderung wurde gemeistert!<\/p>\n\n\n\n<h2 class=\"wp-block-heading\" id=\"h-les-projets-en-cours-ou-l-tude\"><strong>Laufende oder in Erw\u00e4gung gezogene Projekte<\/strong><\/h2>\n\n\n\n<p>- Bau einer festen Grundschule f\u00fcr 600 Sch\u00fclerinnen und Sch\u00fcler. Das Projekt ist abgeschlossen.<\/p>\n\n\n\n<p>- Wohnungen f\u00fcr Schulmeister, Projekt abgeschlossen<\/p>\n\n\n\n<p>- Bau von sanit\u00e4ren Einrichtungen und Wasser in die Schule bringen, Projekt abgeschlossen<\/p>\n\n\n\n<p>- Bereitstellung von Schulausstattung und Fachb\u00fcchern (abgeschlossen)<\/p>\n\n\n\n<p>- Bereitstellung von Uniformen (abgeschlossen)<\/p>\n\n\n\n<p>- Bau eines Zeltplatzes f\u00fcr durchreisende Touristen<\/p>\n\n\n\n<p><\/p>\n\n\n\n<p>In einem 2. Schritt erzielten wir eine Vereinbarung mit der Sekundarschule von Chirolaba und bauten vor Ort Wohnungen, um den Kindern von Sona die Fortsetzung ihrer Ausbildung zu erm\u00f6glichen. <\/p>\n\n\n\n<p>Wir bereiten derzeit den Bau von vier Klassenzimmern vor, um die Kapazit\u00e4t der Sekundarschule von Chirolaba zu verdoppeln. Die Schule beherbergt derzeit 800 Sch\u00fclerinnen und Sch\u00fcler in nur vier Klassenzimmern. Die Kosten f\u00fcr dieses Projekt werden auf 160.000 Schweizer Franken gesch\u00e4tzt. <\/p>\n\n\n\n<p>Hier ist also ein guter Grund, eine humanit\u00e4re Spende f\u00fcr \u00c4thiopien zu t\u00e4tigen, indem Sie unsere Arbeit unterst\u00fctzen!<\/p>\n\n\n\n<h2 class=\"wp-block-heading\" id=\"h-comment-nous-aider\"><em><strong>Wie k\u00f6nnen wir helfen?<\/strong><\/em><\/h2>\n\n\n\n<ul class=\"wp-block-list\">\n<li><strong><em>durch einen finanziellen Beitrag<\/em>,<\/strong> einmalig oder regelm\u00e4\u00dfig. Alle Beitr\u00e4ge sind willkommen und werden dazu beitragen, das Leben der Kinder von Sona und ihrer Eltern zu ver\u00e4ndern! Haben Sie auch an den<a href=\"\/\/childreninthecloud.org\/de\/kind-sponsern-sona\/\"> Patenschaft f\u00fcr ein Kind<\/a> geeignet f\u00fcr die Fortsetzung der Ausbildung in einer Sekundarschule?<\/li>\n\n\n\n<li><em>durch die <strong>Materialversorgung<\/strong> (Schule, Kleidung, etc.)<\/em><\/li>\n\n\n\n<li><em>durch Bereitstellung von <strong>Ihrer F\u00e4higkeiten<\/strong> und Ihrer Energie<\/em><\/li>\n<\/ul>\n\n\n\n<hr class=\"wp-block-separator has-css-opacity\"\/>","protected":false},"excerpt":{"rendered":"<p>Um die in Ihrem Wohnsitzland geltende Steuererm\u00e4\u00dfigung in Anspruch nehmen zu k\u00f6nnen<\/p>","protected":false},"author":10,"featured_media":6228,"parent":0,"menu_order":0,"comment_status":"closed","ping_status":"closed","template":"templates\/template-team.php","meta":{"footnotes":""},"class_list":["post-5650","page","type-page","status-publish","has-post-thumbnail","hentry","latest_post"],"_links":{"self":[{"href":"https:\/\/childreninthecloud.org\/de\/wp-json\/wp\/v2\/pages\/5650","targetHints":{"allow":["GET"]}}],"collection":[{"href":"https:\/\/childreninthecloud.org\/de\/wp-json\/wp\/v2\/pages"}],"about":[{"href":"https:\/\/childreninthecloud.org\/de\/wp-json\/wp\/v2\/types\/page"}],"author":[{"embeddable":true,"href":"https:\/\/childreninthecloud.org\/de\/wp-json\/wp\/v2\/users\/10"}],"replies":[{"embeddable":true,"href":"https:\/\/childreninthecloud.org\/de\/wp-json\/wp\/v2\/comments?post=5650"}],"version-history":[{"count":1,"href":"https:\/\/childreninthecloud.org\/de\/wp-json\/wp\/v2\/pages\/5650\/revisions"}],"predecessor-version":[{"id":8687,"href":"https:\/\/childreninthecloud.org\/de\/wp-json\/wp\/v2\/pages\/5650\/revisions\/8687"}],"wp:featuredmedia":[{"embeddable":true,"href":"https:\/\/childreninthecloud.org\/de\/wp-json\/wp\/v2\/media\/6228"}],"wp:attachment":[{"href":"https:\/\/childreninthecloud.org\/de\/wp-json\/wp\/v2\/media?parent=5650"}],"curies":[{"name":"wp","href":"https:\/\/api.w.org\/{rel}","templated":true}]}}