{"id":5653,"date":"2021-11-15T13:20:48","date_gmt":"2021-11-15T11:20:48","guid":{"rendered":"https:\/\/childreninthecloud.org\/?page_id=5653"},"modified":"2025-06-02T08:42:16","modified_gmt":"2025-06-02T07:42:16","slug":"schweiz","status":"publish","type":"page","link":"https:\/\/childreninthecloud.org\/de\/suisse\/","title":{"rendered":"Spende aus der Schweiz"},"content":{"rendered":"<div class=\"wp-block-columns is-layout-flex wp-container-core-columns-is-layout-9d6595d7 wp-block-columns-is-layout-flex\">\r\n<div class=\"wp-block-column is-layout-flow wp-block-column-is-layout-flow\" style=\"flex-basis: 100%;\">\r\n<p>Wir empfehlen Ihnen, dies per Bank\u00fcberweisung zu tun, da dies die Transaktionskosten senkt.<\/p>\r\n\r\n\r\n\r\n<p>Wir bitten Sie, uns Ihre Daten mitzuteilen, damit wir Ihnen die Steuerbescheinigung zusenden k\u00f6nnen.<\/p>\r\n\r\n\r\n<hr class=\"wp-block-separator has-css-opacity aligncenter\" \/><\/div>\r\n<\/div>\r\n\r\n\r\n\r\n<p><div class=\"clearfix rara-row\"><div class=\"rara_column rara-span1\"><\/div><div class=\"rara_column rara-span4\"><form id=\"forminator-module-8573\" class=\"forminator-custom-form forminator-custom-form-8573\" method=\"post\" data-forminator-render=\"0\" data-uid=\"69f9fb15b63a2\" action=\"\"><div role=\"alert\" aria-live=\"polite\" class=\"forminator-response-message forminator-error\" aria-hidden=\"true\"><\/div><input type=\"hidden\" name=\"trp-form-language\" value=\"de\"\/><\/form><\/div><div class=\"rara_column rara-span1\"><\/div><\/div><\/p>\r\n\r\n\r\n\r\n\r\n\r\n<p class=\"has-black-color has-text-color\">Children in the Cloud ist eine anerkannte Stiftung des Kantons Waadt (VD - Schweiz) und profitiert daher von der Steuerabzugsf\u00e4higkeit von Spenden. Schweizer Steuerzahler k\u00f6nnen ihre Spenden direkt an die Stiftung \u00fcberweisen, die eine Steuerquittung ausstellt, die das Recht auf Steuerabzug er\u00f6ffnet.<\/p>","protected":false},"excerpt":{"rendered":"<p>Wir empfehlen Ihnen, dies per Bank\u00fcberweisung zu tun, da dies die Transaktionskosten verringert. Wir bitten Sie, uns Ihre Daten mitzuteilen, damit wir Ihnen die Steuerbescheinigung zusenden k\u00f6nnen. Children in the Cloud ist eine vom Kanton Waadt (VD - Schweiz) anerkannte Stiftung und profitiert als solche vom Steuerabzug auf Spenden, die ... <\/p>","protected":false},"author":10,"featured_media":0,"parent":0,"menu_order":0,"comment_status":"closed","ping_status":"closed","template":"templates\/template-team.php","meta":{"footnotes":""},"class_list":["post-5653","page","type-page","status-publish","hentry","latest_post"],"_links":{"self":[{"href":"https:\/\/childreninthecloud.org\/de\/wp-json\/wp\/v2\/pages\/5653","targetHints":{"allow":["GET"]}}],"collection":[{"href":"https:\/\/childreninthecloud.org\/de\/wp-json\/wp\/v2\/pages"}],"about":[{"href":"https:\/\/childreninthecloud.org\/de\/wp-json\/wp\/v2\/types\/page"}],"author":[{"embeddable":true,"href":"https:\/\/childreninthecloud.org\/de\/wp-json\/wp\/v2\/users\/10"}],"replies":[{"embeddable":true,"href":"https:\/\/childreninthecloud.org\/de\/wp-json\/wp\/v2\/comments?post=5653"}],"version-history":[{"count":2,"href":"https:\/\/childreninthecloud.org\/de\/wp-json\/wp\/v2\/pages\/5653\/revisions"}],"predecessor-version":[{"id":8580,"href":"https:\/\/childreninthecloud.org\/de\/wp-json\/wp\/v2\/pages\/5653\/revisions\/8580"}],"wp:attachment":[{"href":"https:\/\/childreninthecloud.org\/de\/wp-json\/wp\/v2\/media?parent=5653"}],"curies":[{"name":"wp","href":"https:\/\/api.w.org\/{rel}","templated":true}]}}