{"id":7462,"date":"2024-04-08T08:19:30","date_gmt":"2024-04-08T07:19:30","guid":{"rendered":"https:\/\/childreninthecloud.org\/?page_id=7462"},"modified":"2025-05-04T15:26:16","modified_gmt":"2025-05-04T14:26:16","slug":"chirolaba","status":"publish","type":"page","link":"https:\/\/childreninthecloud.org\/de\/chirolaba\/","title":{"rendered":"Projekt: Vergr\u00f6\u00dferung der Schule von Chirolaba"},"content":{"rendered":"<p>Die Partnerschaft mit der Sekundarschule von Chirolaba besteht seit drei Jahren. Die Schule nimmt die Sch\u00fclerinnen und Sch\u00fcler der Schule aus Sona auf, die ein Stipendium erhalten, um eine weiterf\u00fchrende Schule zu besuchen. Die Schule in Chirolaba beherbergt auch Geb\u00e4ude, um unsere 40 Internatssch\u00fcler (ab dem Schuljahr 2024) unterzubringen: Schlafs\u00e4le, K\u00fcche, Sanit\u00e4ranlagen, Gemeinschaftsraum... Die Schule in Chirolaba erlebt einen gro\u00dfen Zustrom an Sch\u00fclern und ben\u00f6tigt daher zus\u00e4tzliche Klassenr\u00e4ume. Dies ist der Zweck dieses Projekts.<\/p>\r\n\r\n<div class=\"clearfix rara-row\"><div class=\"rara_column rara-span1\"><\/div> <div class=\"rara_column rara-span4\"><form id=\"forminator-module-8085\" class=\"forminator-custom-form forminator-custom-form-8085\" method=\"post\" data-forminator-render=\"0\" data-uid=\"69df2fb670196\" action=\"\"><div role=\"alert\" aria-live=\"polite\" class=\"forminator-response-message forminator-error\" aria-hidden=\"true\"><\/div><input type=\"hidden\" name=\"trp-form-language\" value=\"de\"\/><\/form><\/div> <div class=\"rara_column rara-span1\"><\/div><\/div>\r\n\r\n<div class=\"wp-block-column is-layout-flow wp-block-column-is-layout-flow\">\r\n<h2 class=\"wp-block-heading\">Das Projekt im \u00dcberblick<\/h2>\r\n\r\n\r\n\r\n<p>Die Sekundarschule Chirolaba wird von 1250 Sch\u00fclern besucht, die in zwei Geb\u00e4uden mit je vier Klassen in zwei Schichten am Morgen und am Nachmittag die vier Schuljahre absolvieren.  Die Schule hat daher einen erheblichen Mangel an Klassenzimmern (durchschnittlich mehr als 90 Sch\u00fcler pro Klasse!), was zu einer Verschlechterung der Unterrichtsbedingungen f\u00fchrt.<\/p>\r\n\r\n\r\n\r\n<p>Um den eklatanten Mangel an Unterrichtsr\u00e4umen zu beheben, der die Qualit\u00e4t des Unterrichts gef\u00e4hrdet, planen wir :<\/p>\r\n\r\n\r\n\r\n<ul class=\"wp-block-list\">\r\n<li><strong>Der Bau eines Backsteingeb\u00e4udes mit vier Klassenzimmern, <\/strong>wodurch die Kapazit\u00e4t der Schule um 50% erh\u00f6ht wird.<\/li>\r\n\r\n\r\n\r\n<li><strong>Ausstattung der 4 Klassenzimmer<\/strong> sowie geeignetes Mobiliar (St\u00fchle, Schreibtische etc.).<\/li>\r\n\r\n\r\n\r\n<li><strong>Ihn mit Strom ausstatten<\/strong> und an das Netzwerk anschlie\u00dfen.<\/li>\r\n<\/ul>\r\n<\/div>\r\n\r\n<p>&nbsp;<\/p>\r\n<!-- \/wp:post-content -->\r\n\r\n<!-- wp:heading {\"textAlign\":\"center\",\"level\":3} -->\r\n<h3 class=\"wp-block-heading has-text-align-center\">Projektbudget: 158.500 CHF<\/h3>\r\n<!-- \/wp:heading -->\r\n\r\n<!-- wp:heading {\"level\":3} -->\r\n<h3 class=\"wp-block-heading\">Details zum Projekt:<\/h3>\r\n<!-- \/wp:heading -->\r\n\r\n<!-- wp:image {\"id\":7507,\"sizeSlug\":\"large\",\"linkDestination\":\"none\"} -->\r\n<figure class=\"wp-block-image size-large\"><img decoding=\"async\" width=\"1024\" height=\"767\" class=\"wp-image-7507 lazyload\" data-src=\"https:\/\/childreninthecloud.org\/wp-content\/uploads\/2024\/04\/image-1024x767.png\" alt=\"\" data-srcset=\"https:\/\/childreninthecloud.org\/wp-content\/uploads\/2024\/04\/image-1024x767.png 1024w, https:\/\/childreninthecloud.org\/wp-content\/uploads\/2024\/04\/image-300x225.png 300w, https:\/\/childreninthecloud.org\/wp-content\/uploads\/2024\/04\/image-768x575.png 768w, https:\/\/childreninthecloud.org\/wp-content\/uploads\/2024\/04\/image-16x12.png 16w, https:\/\/childreninthecloud.org\/wp-content\/uploads\/2024\/04\/image.png 1192w\" data-sizes=\"auto\" src=\"data:image\/svg+xml;base64,PHN2ZyB3aWR0aD0iMSIgaGVpZ2h0PSIxIiB4bWxucz0iaHR0cDovL3d3dy53My5vcmcvMjAwMC9zdmciPjwvc3ZnPg==\" style=\"--smush-placeholder-width: 1024px; --smush-placeholder-aspect-ratio: 1024\/767;\" data-original-sizes=\"(max-width: 1024px) 100vw, 1024px\" \/><\/figure>\r\n<!-- \/wp:image -->\r\n\r\n<!-- wp:paragraph -->\r\n<p>Wir projizieren :<\/p>\r\n<!-- \/wp:paragraph -->\r\n\r\n<!-- wp:list -->\r\n<ul class=\"wp-block-list\"><!-- wp:list-item -->\r\n<li>Der Bau eines Backsteingeb\u00e4udes mit vier Klassenzimmern, die mit Strom ausgestattet sind, wodurch die Kapazit\u00e4t der Schule um 50% erh\u00f6ht wird.<\/li>\r\n<!-- \/wp:list-item -->\r\n\r\n<!-- wp:list-item -->\r\n<li>Die Bereitstellung von M\u00f6beln, Schulausstattung und Fachb\u00fcchern.<\/li>\r\n<!-- \/wp:list-item --><\/ul>\r\n<!-- \/wp:list -->\r\n\r\n<!-- wp:paragraph -->\r\n<p><strong><em>Bauplanung :<\/em><\/strong><\/p>\r\n<!-- \/wp:paragraph -->\r\n\r\n<!-- wp:paragraph -->\r\n<p>F\u00fcr den Bau werden etwa 6 Monate ben\u00f6tigt. Der Rohbau und die Trockenlegung (d. h. die ersten 4 Monate der Bauzeit) m\u00fcssen in der Trockenzeit zwischen September und Juni durchgef\u00fchrt werden.<\/p>\r\n<!-- \/wp:paragraph -->\r\n\r\n<!-- wp:paragraph -->\r\n<p><strong><em>Auswirkungen des Projekts :<\/em><\/strong><\/p>\r\n<!-- \/wp:paragraph -->\r\n\r\n<!-- wp:paragraph -->\r\n<p>Direkt: die 1250 Sch\u00fclerinnen und Sch\u00fcler und das Lehrpersonal.<\/p>\r\n<!-- \/wp:paragraph -->\r\n\r\n<!-- wp:paragraph -->\r\n<p>Indirekt: Familien und die Gemeinschaft durch die Verbesserung der Bildungsqualit\u00e4t sowie durch die wirtschaftlichen Auswirkungen des Baus und die w\u00e4hrend der Bauarbeiten geschaffenen Arbeitspl\u00e4tze.<\/p>\r\n<!-- \/wp:paragraph -->\r\n\r\n<!-- wp:paragraph {\"fontSize\":\"medium\"} -->\r\n<p class=\"has-medium-font-size\"><strong>Dank Ihrer Hilfe haben wir bereits 135'600 Franken gesammelt! Lassen Sie uns diese gro\u00dfz\u00fcgige Anstrengung fortsetzen, um das Budget von 158.500 CHF zu erreichen!<\/strong><\/p>\r\n<!-- \/wp:paragraph -->\r\n\r\n<!-- wp:paragraph -->\r\n<p>&nbsp;<\/p>\r\n<!-- \/wp:paragraph -->","protected":false},"excerpt":{"rendered":"<p>Die Partnerschaft mit der Sekundarschule von Chirolaba besteht seit drei Jahren. Die Schule nimmt die Sch\u00fclerinnen und Sch\u00fcler der Schule aus Sona auf, die ein Stipendium erhalten, um eine weiterf\u00fchrende Schule zu besuchen. Die Schule von Chirolaba beherbergt auch Geb\u00e4ude, um unsere 40 Sch\u00fcler (ab dem Schuljahr 2024) im Internat unterzubringen: Schlafs\u00e4le, K\u00fcche, Sanit\u00e4ranlagen, Gemeinschaftsraum... Die Schule von Chirolaba erlebt einen Zustrom ... <\/p>","protected":false},"author":10,"featured_media":7510,"parent":0,"menu_order":0,"comment_status":"closed","ping_status":"closed","template":"","meta":{"footnotes":""},"class_list":["post-7462","page","type-page","status-publish","has-post-thumbnail","hentry","latest_post"],"_links":{"self":[{"href":"https:\/\/childreninthecloud.org\/de\/wp-json\/wp\/v2\/pages\/7462","targetHints":{"allow":["GET"]}}],"collection":[{"href":"https:\/\/childreninthecloud.org\/de\/wp-json\/wp\/v2\/pages"}],"about":[{"href":"https:\/\/childreninthecloud.org\/de\/wp-json\/wp\/v2\/types\/page"}],"author":[{"embeddable":true,"href":"https:\/\/childreninthecloud.org\/de\/wp-json\/wp\/v2\/users\/10"}],"replies":[{"embeddable":true,"href":"https:\/\/childreninthecloud.org\/de\/wp-json\/wp\/v2\/comments?post=7462"}],"version-history":[{"count":0,"href":"https:\/\/childreninthecloud.org\/de\/wp-json\/wp\/v2\/pages\/7462\/revisions"}],"wp:featuredmedia":[{"embeddable":true,"href":"https:\/\/childreninthecloud.org\/de\/wp-json\/wp\/v2\/media\/7510"}],"wp:attachment":[{"href":"https:\/\/childreninthecloud.org\/de\/wp-json\/wp\/v2\/media?parent=7462"}],"curies":[{"name":"wp","href":"https:\/\/api.w.org\/{rel}","templated":true}]}}