{"id":7531,"date":"2024-04-08T17:36:06","date_gmt":"2024-04-08T16:36:06","guid":{"rendered":"https:\/\/childreninthecloud.org\/?page_id=7531"},"modified":"2025-05-27T06:39:09","modified_gmt":"2025-05-27T05:39:09","slug":"projekt-den-kindern-von-sona-einen-snack-geben","status":"publish","type":"page","link":"https:\/\/childreninthecloud.org\/de\/projet-donner-une-collation-aux-enfants-de-sona\/","title":{"rendered":"Projekt: Einen Snack f\u00fcr die Kinder von Sona anbieten"},"content":{"rendered":"<p>Um die Bedingungen f\u00fcr den Schulbesuch zu verbessern, planten wir, die Verteilung eines Snacks nach dem Unterricht, der zwischen 8.00 und 13.00 Uhr stattfindet, zu unterst\u00fctzen.<\/p>\r\n\r\n\r\n\r\n<div class=\"wp-block-columns is-layout-flex wp-container-core-columns-is-layout-9d6595d7 wp-block-columns-is-layout-flex\">\r\n\r\n\r\n<div class=\"wp-block-column is-layout-flow wp-block-column-is-layout-flow\">\r\n<h2 class=\"wp-block-heading\">Das Projekt in Kurzfassung<\/h2>\r\n\r\n\r\n\r\n<p>Derzeit erhalten die Kinder eine Mahlzeit am Morgen und eine weitere am Abend. Im Wesentlichen bestehend aus einer <a href=\"https:\/\/fr.wikipedia.org\/wiki\/Injera\">injera<\/a> mit der Familie geteilt.<\/p>\r\n\r\n\r\n\r\n<p>Ihnen nach dem Unterricht einen Snack auf Injera-Basis anzubieten, w\u00fcrde ihre Ern\u00e4hrung verbessern, sie motivieren, den Unterricht zu besuchen, und den M\u00fcttern, die diese Snacks zubereiten und verteilen, eine Einkommensquelle bieten.<\/p>\r\n\r\n\r\n\r\n<p>Das finanzielle Engagement ist gro\u00df und muss dauerhaft sein, weshalb wir \u00fcberlegten, das Projekt zum n\u00e4chsten Schuljahr im September zu starten, wenn gen\u00fcgend Mittel zur Verf\u00fcgung stehen.<\/p>\r\n<\/div>\r\n<\/div>\r\n\r\n\r\n\r\n<h2 class=\"wp-block-heading\">Details zum Projekt:<\/h2>\r\n\r\n\r\n\r\n<p>Im Durchschnitt gehen 600 Kinder jeden Tag in die Sona-Schule. Wir sch\u00e4tzen die St\u00fcckkosten eines <a href=\"https:\/\/fr.wikipedia.org\/wiki\/Injera\">injera<\/a> zu 1 CHF, w\u00fcrde jede injera auf vier Kinder aufgeteilt werden. Die t\u00e4glichen Kosten w\u00fcrden im Durchschnitt 150 CHF betragen.<\/p>\r\n\r\n\r\n\r\n<p>Die Vorbereitung und Verteilung w\u00fcrde von freiwilligen M\u00fcttern mit Hilfe der Lehrer \u00fcbernommen und vom Schulkomitee beaufsichtigt werden.<\/p>\r\n\r\n\r\n\r\n<h2 class=\"wp-block-heading\">Auswirkungen des Projekts:<\/h2>\r\n\r\n\r\n\r\n<p><strong>Direkt :<\/strong> Kinder, die besser ern\u00e4hrt w\u00fcrden. M\u00fctter, die eine kleine Einkommensquelle h\u00e4tten.<\/p>\r\n\r\n\r\n\r\n<p><strong>Indirekt<\/strong> Die gesamte Gemeinschaft w\u00fcrde motiviertere Kinder sehen, die besser in der Lage sind zu lernen.<\/p>\r\n<h2 class=\"wp-block-heading\">Status des Projekts:<\/h2>\r\n<p>Wir haben seit dem Start der Kampagne im Mai 2024 nur 1305 Fr. gesammelt.  Wir k\u00f6nnen uns also nicht zum n\u00e4chsten Schuljahr verpflichten. So sehr wir es auch bedauern, haben wir beschlossen, das Projekt aufzugeben und das gesammelte Geld f\u00fcr die Unterst\u00fctzung der Sona-Gemeinschaft zu verwenden.<\/p>\r\n\r\n<p>&nbsp;<\/p>\r\n<p><strong>Sie k\u00f6nnen unsere Projekte weiterhin mit einer Spende unterst\u00fctzen<\/strong><\/p>\r\n\r\n\r\n\r\n<p>&nbsp;<\/p>","protected":false},"excerpt":{"rendered":"<p>Um die Bedingungen f\u00fcr den Schulbesuch zu verbessern, wollten wir die Verteilung eines Snacks nach dem Unterricht, der zwischen 8.00 und 13.00 Uhr stattfindet, unterst\u00fctzen. Das Projekt in K\u00fcrze Derzeit erhalten die Kinder eine Mahlzeit am Morgen und eine weitere am Abend. Die meisten dieser Mahlzeiten bestehen aus einer gemeinsamen Injera der Familie. Wenn sie nach dem Unterricht einen Injera-Snack bek\u00e4men, w\u00fcrde dies ihre ... <\/p>","protected":false},"author":10,"featured_media":156,"parent":0,"menu_order":0,"comment_status":"closed","ping_status":"closed","template":"","meta":{"footnotes":""},"class_list":["post-7531","page","type-page","status-publish","has-post-thumbnail","hentry","latest_post"],"_links":{"self":[{"href":"https:\/\/childreninthecloud.org\/de\/wp-json\/wp\/v2\/pages\/7531","targetHints":{"allow":["GET"]}}],"collection":[{"href":"https:\/\/childreninthecloud.org\/de\/wp-json\/wp\/v2\/pages"}],"about":[{"href":"https:\/\/childreninthecloud.org\/de\/wp-json\/wp\/v2\/types\/page"}],"author":[{"embeddable":true,"href":"https:\/\/childreninthecloud.org\/de\/wp-json\/wp\/v2\/users\/10"}],"replies":[{"embeddable":true,"href":"https:\/\/childreninthecloud.org\/de\/wp-json\/wp\/v2\/comments?post=7531"}],"version-history":[{"count":1,"href":"https:\/\/childreninthecloud.org\/de\/wp-json\/wp\/v2\/pages\/7531\/revisions"}],"predecessor-version":[{"id":8327,"href":"https:\/\/childreninthecloud.org\/de\/wp-json\/wp\/v2\/pages\/7531\/revisions\/8327"}],"wp:featuredmedia":[{"embeddable":true,"href":"https:\/\/childreninthecloud.org\/de\/wp-json\/wp\/v2\/media\/156"}],"wp:attachment":[{"href":"https:\/\/childreninthecloud.org\/de\/wp-json\/wp\/v2\/media?parent=7531"}],"curies":[{"name":"wp","href":"https:\/\/api.w.org\/{rel}","templated":true}]}}