{"id":14,"date":"2016-08-30T14:50:25","date_gmt":"2016-08-30T13:50:25","guid":{"rendered":"http:\/\/childreninthecloud.org\/?page_id=14"},"modified":"2025-11-28T13:39:47","modified_gmt":"2025-11-28T12:39:47","slug":"video-del-proyecto","status":"publish","type":"page","link":"https:\/\/childreninthecloud.org\/es\/projet-en-video\/","title":{"rendered":"El proyecto en videos"},"content":{"rendered":"<p>V\u00eddeo Simien Etiop\u00eda. La Fundaci\u00f3n Children in the Cloud da un lugar muy importante a la comunicaci\u00f3n. De hecho, nos permite informar a nuestros donantes sobre la marcha de las operaciones y el buen uso de los fondos que generosamente se nos conf\u00edan. El v\u00eddeo es especialmente importante. Consideramos que el v\u00eddeo es un formato muy adecuado para informar sobre nuestras acciones. En pocos minutos, gracias a las im\u00e1genes, las entrevistas, la voz en off o la superposici\u00f3n de gr\u00e1ficos, el espectador tiene una idea general, ilustrada y relativamente precisa, de la marcha de los trabajos de la Fundaci\u00f3n. Este primer nivel de informaci\u00f3n puede completarse f\u00e1cilmente leyendo nuestros <a href=\"https:\/\/childreninthecloud.org\/es\/sala-de-prensa\/\" target=\"_blank\" rel=\"noreferrer noopener\">Comunicados de prensa<\/a> o nuestros informes.<\/p>\n\n\n\n<h2 class=\"wp-block-heading\">V\u00eddeo en portada<\/h2>\n\n\n\n<p><iframe width=\"560\" height=\"315\" data-src=\"https:\/\/www.youtube.com\/embed\/bld30M40_d0?si=Xol-g0PgVD-C5liS\" title=\"Reproductor de video de YouTube\" frameborder=\"0\" allow=\"accelerometer; autoplay; clipboard-write; encrypted-media; gyroscope; picture-in-picture; web-share\" referrerpolicy=\"strict-origin-when-cross-origin\" allowfullscreen=\"\" src=\"data:image\/svg+xml;base64,PHN2ZyB3aWR0aD0iMSIgaGVpZ2h0PSIxIiB4bWxucz0iaHR0cDovL3d3dy53My5vcmcvMjAwMC9zdmciPjwvc3ZnPg==\" class=\"lazyload\" data-load-mode=\"1\"><\/iframe><\/p>\n\n\n\n<h2 class=\"wp-block-heading\" id=\"h-vid-os-du-simien-en-ethiopie\">Videos del Simien en Etiop\u00eda<\/h2>\n\n\n\n<p>Adem\u00e1s, la producci\u00f3n de estos videos destaca el pa\u00eds, Etiop\u00eda y la regi\u00f3n del Parque Nacional de las Monta\u00f1as Simien (SMNP en ingl\u00e9s) donde se encuentra Sona.<\/p>\n\n\n\n<p>A continuaci\u00f3n se enumeran los principales videos editados por la Fundaci\u00f3n, en orden cronol\u00f3gico, los m\u00e1s antiguos primero. <\/p>\n\n\n<h3>Mayo de 2016 - Presentaci\u00f3n del proyecto <em><strong>Children in the Cloud<\/strong><\/em> en video.<\/h3>\n<p><iframe data-src=\"https:\/\/www.youtube.com\/embed\/A9g0a74aeIw\" width=\"560\" height=\"315\" frameborder=\"0\" allowfullscreen=\"allowfullscreen\" src=\"data:image\/svg+xml;base64,PHN2ZyB3aWR0aD0iMSIgaGVpZ2h0PSIxIiB4bWxucz0iaHR0cDovL3d3dy53My5vcmcvMjAwMC9zdmciPjwvc3ZnPg==\" class=\"lazyload\" data-load-mode=\"1\"><\/iframe><\/p>\n<p>Este v\u00eddeo fue filmado en mayo de 2016, con motivo del primer viaje dedicado a la validaci\u00f3n del proyecto Children in the Cloud, en el que participaron Chryst\u00e8le Doulat, Eric Collet y Herv\u00e9 Doulat. Los paisajes son los del inicio de la temporada de lluvias, que podr\u00edamos comparar con nuestro inicio del invierno, con la naturaleza en hibernaci\u00f3n y temperaturas frescas.<\/p>\n<h3>Viaje noviembre 2018<\/h3>\n<p><iframe data-src=\"https:\/\/www.youtube.com\/embed\/rMb5X-5B2UA\" width=\"560\" height=\"315\" frameborder=\"0\" allowfullscreen=\"allowfullscreen\" src=\"data:image\/svg+xml;base64,PHN2ZyB3aWR0aD0iMSIgaGVpZ2h0PSIxIiB4bWxucz0iaHR0cDovL3d3dy53My5vcmcvMjAwMC9zdmciPjwvc3ZnPg==\" class=\"lazyload\" data-load-mode=\"1\"><\/iframe><\/p>\n<h3>Enero 2018 - Llegada del agua a la escuela Sona<\/h3>\n<p><iframe data-src=\"https:\/\/www.youtube.com\/embed\/dldQhQjK6n4\" width=\"560\" height=\"315\" frameborder=\"0\" allowfullscreen=\"allowfullscreen\" src=\"data:image\/svg+xml;base64,PHN2ZyB3aWR0aD0iMSIgaGVpZ2h0PSIxIiB4bWxucz0iaHR0cDovL3d3dy53My5vcmcvMjAwMC9zdmciPjwvc3ZnPg==\" class=\"lazyload\" data-load-mode=\"1\"><\/iframe><\/p>\n<h3>Informe de viaje de abril de 2019 a Sona<\/h3>\n<p><iframe style=\"border: none; overflow: hidden;\" data-src=\"https:\/\/www.facebook.com\/plugins\/video.php?href=https%3A%2F%2Fwww.facebook.com%2Fchildrenintheclouds%2Fvideos%2F2234040040180331%2F&amp;show_text=0&amp;width=560\" width=\"560\" height=\"315\" frameborder=\"0\" scrolling=\"no\" allowfullscreen=\"allowfullscreen\" src=\"data:image\/svg+xml;base64,PHN2ZyB3aWR0aD0iMSIgaGVpZ2h0PSIxIiB4bWxucz0iaHR0cDovL3d3dy53My5vcmcvMjAwMC9zdmciPjwvc3ZnPg==\" class=\"lazyload\" data-load-mode=\"1\"><\/iframe><\/p>\n<p>Estos viajes se realizaron con el valioso apoyo de la agencia. <strong>Trekking Allibert<\/strong>,&nbsp;<strong>Smiling Ethiopia<\/strong> y del <strong>Parque Nacional Simien<\/strong>.<\/p>\n<h3>Video de presentaci\u00f3n del proyecto en am\u00e1rico<\/h3>\n<p>La propiedad local del proyecto siempre ha sido una prioridad para Children in the Cloud Foundation. Esta es la raz\u00f3n de este video, filmado en am\u00e1rico. Se puede encontrar en el art\u00edculo completo sobre <a href=\"https:\/\/childreninthecloud.org\/es\/autenticidad-y-apropiacion-las-claves-del-exito\/\">propiedad del proyecto<\/a>.&nbsp;<\/p>\n<p><iframe data-src=\"https:\/\/www.youtube.com\/embed\/Moejb8rkYZ0\" width=\"560\" height=\"315\" frameborder=\"0\" allowfullscreen=\"allowfullscreen\" src=\"data:image\/svg+xml;base64,PHN2ZyB3aWR0aD0iMSIgaGVpZ2h0PSIxIiB4bWxucz0iaHR0cDovL3d3dy53My5vcmcvMjAwMC9zdmciPjwvc3ZnPg==\" class=\"lazyload\" data-load-mode=\"1\"><\/iframe><\/p>\n<h3>2015-2019 - Historia de la Fundaci\u00f3n&nbsp;<\/h3>\n<p>Un video muy bonito que resume los primeros 4 a\u00f1os de trabajo de la Fundaci\u00f3n en el Simien en Etiop\u00eda.&nbsp;<\/p>\n<p><iframe data-src=\"https:\/\/www.youtube.com\/embed\/KlK4Tfm3cMs\" width=\"560\" height=\"315\" frameborder=\"0\" allowfullscreen=\"allowfullscreen\" src=\"data:image\/svg+xml;base64,PHN2ZyB3aWR0aD0iMSIgaGVpZ2h0PSIxIiB4bWxucz0iaHR0cDovL3d3dy53My5vcmcvMjAwMC9zdmciPjwvc3ZnPg==\" class=\"lazyload\" data-load-mode=\"1\"><\/iframe><\/p>\n<\/p>\n\n\n<h2 class=\"wp-block-heading\" id=\"h-vid-o-du-voyage-de-d-cembre-2020-janvier-2021\">V\u00eddeo del viaje de diciembre de 2020 a enero de 2021<\/h2>\n\n\n\n<p><iframe width=\"560\" height=\"315\" data-src=\"https:\/\/www.youtube.com\/embed\/CxY6yAgsANc\" frameborder=\"0\" allow=\"accelerometer; autoplay; clipboard-write; encrypted-media; gyroscope; picture-in-picture\" allowfullscreen=\"\" src=\"data:image\/svg+xml;base64,PHN2ZyB3aWR0aD0iMSIgaGVpZ2h0PSIxIiB4bWxucz0iaHR0cDovL3d3dy53My5vcmcvMjAwMC9zdmciPjwvc3ZnPg==\" class=\"lazyload\" data-load-mode=\"1\"><\/iframe><\/p>\n\n\n\n<h2 class=\"wp-block-heading\" id=\"h-la-bataille-de-l-eau-avril-2021\">La batalla por el agua - Abril 2021<\/h2>\n\n\n\n<p><iframe width=\"560\" height=\"315\" data-src=\"https:\/\/www.youtube.com\/embed\/Lkdt2n20jxk\" title=\"Reproductor de video de YouTube\" frameborder=\"0\" allow=\"accelerometer; autoplay; clipboard-write; encrypted-media; gyroscope; picture-in-picture\" allowfullscreen=\"\" src=\"data:image\/svg+xml;base64,PHN2ZyB3aWR0aD0iMSIgaGVpZ2h0PSIxIiB4bWxucz0iaHR0cDovL3d3dy53My5vcmcvMjAwMC9zdmciPjwvc3ZnPg==\" class=\"lazyload\" data-load-mode=\"1\"><\/p><\/iframe><\/p>\n\n\n\n<h2 class=\"wp-block-heading\">Viaje de marzo de 2022 en el Simien en v\u00eddeo<\/h2>\n\n\n\n<p><iframe width=\"560\" height=\"315\" data-src=\"https:\/\/www.youtube.com\/embed\/iTX6eWD81ko\" title=\"Reproductor de video de YouTube\" frameborder=\"0\" allow=\"accelerometer; autoplay; clipboard-write; encrypted-media; gyroscope; picture-in-picture\" allowfullscreen=\"\" src=\"data:image\/svg+xml;base64,PHN2ZyB3aWR0aD0iMSIgaGVpZ2h0PSIxIiB4bWxucz0iaHR0cDovL3d3dy53My5vcmcvMjAwMC9zdmciPjwvc3ZnPg==\" class=\"lazyload\" data-load-mode=\"1\"><\/iframe><\/p>\n\n\n\n<h2 class=\"wp-block-heading\">Viaje de octubre de 2022<\/h2>\n\n\n\n<p><iframe width=\"560\" height=\"315\" data-src=\"https:\/\/www.youtube.com\/embed\/YDOtUyPY7qc\" title=\"Reproductor de video de YouTube\" frameborder=\"0\" allow=\"accelerometer; autoplay; clipboard-write; encrypted-media; gyroscope; picture-in-picture\" allowfullscreen=\"\" src=\"data:image\/svg+xml;base64,PHN2ZyB3aWR0aD0iMSIgaGVpZ2h0PSIxIiB4bWxucz0iaHR0cDovL3d3dy53My5vcmcvMjAwMC9zdmciPjwvc3ZnPg==\" class=\"lazyload\" data-load-mode=\"1\"><\/iframe><\/p>\n\n\n\n<h2 class=\"wp-block-heading\" id=\"h-voyage-de-f-vrier-2023\">Viaje de febrero de 2023<\/h2>\n\n\n\n<p><iframe width=\"560\" height=\"315\" data-src=\"https:\/\/www.youtube.com\/embed\/eYBQ8xCsuUY?si=eryYfSO-RiO79HKK\" title=\"Reproductor de video de YouTube\" frameborder=\"0\" allow=\"accelerometer; autoplay; clipboard-write; encrypted-media; gyroscope; picture-in-picture; web-share\" allowfullscreen=\"\" src=\"data:image\/svg+xml;base64,PHN2ZyB3aWR0aD0iMSIgaGVpZ2h0PSIxIiB4bWxucz0iaHR0cDovL3d3dy53My5vcmcvMjAwMC9zdmciPjwvc3ZnPg==\" class=\"lazyload\" data-load-mode=\"1\"><\/iframe><\/p>\n\n\n\n<h2 class=\"wp-block-heading\">Historia de la Fundaci\u00f3n 2015-2023<\/h2>\n\n\n\n<p><iframe width=\"560\" height=\"315\" data-src=\"https:\/\/www.youtube.com\/embed\/bld30M40_d0?si=5svDnrtQitVntIIB\" title=\"Reproductor de video de YouTube\" frameborder=\"0\" allow=\"accelerometer; autoplay; clipboard-write; encrypted-media; gyroscope; picture-in-picture; web-share\" allowfullscreen=\"\" src=\"data:image\/svg+xml;base64,PHN2ZyB3aWR0aD0iMSIgaGVpZ2h0PSIxIiB4bWxucz0iaHR0cDovL3d3dy53My5vcmcvMjAwMC9zdmciPjwvc3ZnPg==\" class=\"lazyload\" data-load-mode=\"1\"><\/iframe><\/p>\n\n\n\n<h2 class=\"wp-block-heading\" id=\"h-corpus-vid-os-d-ethiopie\">V\u00eddeos de corpus de Etiop\u00eda<\/h2>\n\n\n\n<p>Los videos fueron producidos generalmente por <strong><a href=\"http:\/\/www.1628films.com\">1628films<\/a><\/strong>. Sin duda, constituyen uno de los mejores videos sobre Etiop\u00eda en general y las monta\u00f1as Simien en particular. <\/p>\n\n\n\n<figure class=\"wp-block-image size-large\"><img decoding=\"async\" width=\"1024\" height=\"682\" data-src=\"https:\/\/childreninthecloud.org\/wp-content\/uploads\/2017\/10\/ethiopie-HD-6224-1024x682.jpg\" alt=\"Simien Etiop\u00eda imagen libre de derechos\" class=\"wp-image-522 lazyload\" data-srcset=\"https:\/\/childreninthecloud.org\/wp-content\/uploads\/2017\/10\/ethiopie-HD-6224-1024x682.jpg 1024w, https:\/\/childreninthecloud.org\/wp-content\/uploads\/2017\/10\/ethiopie-HD-6224-300x200.jpg 300w, https:\/\/childreninthecloud.org\/wp-content\/uploads\/2017\/10\/ethiopie-HD-6224-768x512.jpg 768w, https:\/\/childreninthecloud.org\/wp-content\/uploads\/2017\/10\/ethiopie-HD-6224.jpg 2000w\" data-sizes=\"auto\" src=\"data:image\/svg+xml;base64,PHN2ZyB3aWR0aD0iMSIgaGVpZ2h0PSIxIiB4bWxucz0iaHR0cDovL3d3dy53My5vcmcvMjAwMC9zdmciPjwvc3ZnPg==\" style=\"--smush-placeholder-width: 1024px; --smush-placeholder-aspect-ratio: 1024\/682;\" data-original-sizes=\"(max-width: 1024px) 100vw, 1024px\" \/><figcaption class=\"wp-element-caption\">Imagen libre de derechos Simien Etiop\u00eda ni\u00f1os a caballo<\/figcaption><\/figure>","protected":false},"excerpt":{"rendered":"<p>V\u00eddeo Simien Etiop\u00eda. La Fundaci\u00f3n Children in the Cloud concede gran importancia a la comunicaci\u00f3n. Nos permite informar a nuestros donantes sobre la marcha de nuestras operaciones y el buen uso de los fondos que generosamente se nos conf\u00edan. El v\u00eddeo es especialmente importante. Consideramos que el v\u00eddeo es un formato muy ... <\/p>","protected":false},"author":1,"featured_media":0,"parent":0,"menu_order":0,"comment_status":"closed","ping_status":"closed","template":"","meta":{"footnotes":""},"class_list":["post-14","page","type-page","status-publish","hentry","latest_post"],"_links":{"self":[{"href":"https:\/\/childreninthecloud.org\/es\/wp-json\/wp\/v2\/pages\/14","targetHints":{"allow":["GET"]}}],"collection":[{"href":"https:\/\/childreninthecloud.org\/es\/wp-json\/wp\/v2\/pages"}],"about":[{"href":"https:\/\/childreninthecloud.org\/es\/wp-json\/wp\/v2\/types\/page"}],"author":[{"embeddable":true,"href":"https:\/\/childreninthecloud.org\/es\/wp-json\/wp\/v2\/users\/1"}],"replies":[{"embeddable":true,"href":"https:\/\/childreninthecloud.org\/es\/wp-json\/wp\/v2\/comments?post=14"}],"version-history":[{"count":1,"href":"https:\/\/childreninthecloud.org\/es\/wp-json\/wp\/v2\/pages\/14\/revisions"}],"predecessor-version":[{"id":8740,"href":"https:\/\/childreninthecloud.org\/es\/wp-json\/wp\/v2\/pages\/14\/revisions\/8740"}],"wp:attachment":[{"href":"https:\/\/childreninthecloud.org\/es\/wp-json\/wp\/v2\/media?parent=14"}],"curies":[{"name":"wp","href":"https:\/\/api.w.org\/{rel}","templated":true}]}}