{"id":179,"date":"2016-12-13T19:27:32","date_gmt":"2016-12-13T18:27:32","guid":{"rendered":"http:\/\/childreninthecloud.org\/?page_id=179"},"modified":"2021-06-20T13:23:09","modified_gmt":"2021-06-20T11:23:09","slug":"vision-mision-valores","status":"publish","type":"page","link":"https:\/\/childreninthecloud.org\/es\/vision-mission-valeurs\/","title":{"rendered":"Visi\u00f3n, Misi\u00f3n, Valores"},"content":{"rendered":"<h2 class=\"wp-block-heading\" id=\"h-vision\"><u><b>Visi\u00f3n<\/b><\/u><\/h2>\n\n\n\n<p class=\"has-text-align-left\">La Fundaci\u00f3n promueve<strong> la educaci\u00f3n de los ni\u00f1os <\/strong>en el mejor entorno posible que les permita desarrollarse para un futuro sostenible.<\/p>\n\n\n\n<figure class=\"wp-block-image size-large\"><img decoding=\"async\" width=\"1024\" height=\"682\" data-src=\"https:\/\/childreninthecloud.org\/wp-content\/uploads\/2016\/12\/ec-24-DSC00341-1024x682.jpg\" alt=\"estudiante de la escuela de sona\" class=\"wp-image-182 lazyload\" data-srcset=\"https:\/\/childreninthecloud.org\/wp-content\/uploads\/2016\/12\/ec-24-DSC00341-1024x682.jpg 1024w, https:\/\/childreninthecloud.org\/wp-content\/uploads\/2016\/12\/ec-24-DSC00341-300x200.jpg 300w, https:\/\/childreninthecloud.org\/wp-content\/uploads\/2016\/12\/ec-24-DSC00341-768x512.jpg 768w, https:\/\/childreninthecloud.org\/wp-content\/uploads\/2016\/12\/ec-24-DSC00341.jpg 2000w\" data-sizes=\"auto\" src=\"data:image\/svg+xml;base64,PHN2ZyB3aWR0aD0iMSIgaGVpZ2h0PSIxIiB4bWxucz0iaHR0cDovL3d3dy53My5vcmcvMjAwMC9zdmciPjwvc3ZnPg==\" style=\"--smush-placeholder-width: 1024px; --smush-placeholder-aspect-ratio: 1024\/682;\" data-original-sizes=\"(max-width: 1024px) 100vw, 1024px\" \/><figcaption>estudiante Sona Simien school Etiop\u00eda ngo <\/figcaption><\/figure>\n\n\n\n<h2 class=\"wp-block-heading\" id=\"h-missions\"><u><b>Misiones<\/b><\/u><\/h2>\n\n\n\n<p>Apoya la creaci\u00f3n y desarrollo de infraestructura educativa.<\/p>\n\n\n\n<p>Desarrollo de proyectos en partenariado local.<\/p>\n\n\n\n<p>Creaci\u00f3n de proyectos educativos y de desarrollo personal.<\/p>\n\n\n\n<p>Desarrollo de un comit\u00e9 de apoyo eficaz:<\/p>\n\n\n\n<ul class=\"wp-block-list\"><li>Apoyo o apadrinamiento caritativo,<\/li><li>Simpatizantes ofreciendo su imagen, moral, material o apoyo t\u00e9cnico<\/li><li>Interlocutores sociales que aspiran al comercio justo<\/li><\/ul>\n\n\n\n<p>Creaci\u00f3n de una red facilitando los proyectos<\/p>\n\n\n\n<p>Realizaci\u00f3n de proyectos a menor costo respetando nuestros valores<\/p>\n\n\n\n<h2 class=\"wp-block-heading\" id=\"h-valeurs\"><u><b>Valores<\/b><\/u><\/h2>\n\n\n\n<ul class=\"wp-block-list\"><li>Trabajar bajo los auspicios de la Declaraci\u00f3n de los Derechos del Ni\u00f1o de <strong><a href=\"https:\/\/www.unicef.fr\/dossier\/convention-internationale-des-droits-de-lenfant\" target=\"_blank\" rel=\"noreferrer noopener\">Unicef<\/a><\/strong><\/li><\/ul>\n\n\n\n<ul class=\"wp-block-list\"><li>Mejora de la <strong>educaci\u00f3n<\/strong> dar una oportunidad a los ni\u00f1os que viven en una situaci\u00f3n precaria<\/li><\/ul>\n\n\n\n<ul class=\"wp-block-list\"><li>Mejorando la educaci\u00f3n para un <strong>desarrollo sostenible<\/strong><\/li><\/ul>\n\n\n\n<ul class=\"wp-block-list\"><li>Selecci\u00f3n de proyectos en base a la \u00e9tica, viabilidad, sostenibilidad y eficiencia rode\u00e1ndonos de los mejores especialistas<\/li><\/ul>\n\n\n\n<ul class=\"wp-block-list\"><li>Cada franco donado est\u00e1 comprometido con acciones concretas<\/li><\/ul>\n\n\n\n<ul class=\"wp-block-list\"><li><strong>transparencia<\/strong> de nuestro trabajo. Por supuesto, informamos anualmente a las autoridades supervisoras y comunicamos todo lo posible sobre el uso de nuestros fondos y nuestras actividades. <a href=\"https:\/\/childreninthecloud.org\/es\/video-del-proyecto\/\">progreso de las obras.<\/a> <\/li><\/ul>","protected":false},"excerpt":{"rendered":"<p>Visi\u00f3n La fundaci\u00f3n promueve la educaci\u00f3n de los ni\u00f1os en el mejor entorno posible para que puedan desarrollarse para un futuro sostenible. Misiones Apoyar la creaci\u00f3n y el desarrollo de infraestructuras educativas. Desarrollo de proyectos en asociaci\u00f3n local. Creaci\u00f3n de proyectos educativos y de desarrollo personal. Desarrollo de un comit\u00e9 de apoyo eficaz: apoyo caritativo o patrocinios, simpatizantes que ofrecen su imagen, apoyo ... <\/p>","protected":false},"author":3,"featured_media":0,"parent":0,"menu_order":0,"comment_status":"closed","ping_status":"closed","template":"","meta":{"footnotes":""},"class_list":["post-179","page","type-page","status-publish","hentry","latest_post"],"_links":{"self":[{"href":"https:\/\/childreninthecloud.org\/es\/wp-json\/wp\/v2\/pages\/179","targetHints":{"allow":["GET"]}}],"collection":[{"href":"https:\/\/childreninthecloud.org\/es\/wp-json\/wp\/v2\/pages"}],"about":[{"href":"https:\/\/childreninthecloud.org\/es\/wp-json\/wp\/v2\/types\/page"}],"author":[{"embeddable":true,"href":"https:\/\/childreninthecloud.org\/es\/wp-json\/wp\/v2\/users\/3"}],"replies":[{"embeddable":true,"href":"https:\/\/childreninthecloud.org\/es\/wp-json\/wp\/v2\/comments?post=179"}],"version-history":[{"count":0,"href":"https:\/\/childreninthecloud.org\/es\/wp-json\/wp\/v2\/pages\/179\/revisions"}],"wp:attachment":[{"href":"https:\/\/childreninthecloud.org\/es\/wp-json\/wp\/v2\/media?parent=179"}],"curies":[{"name":"wp","href":"https:\/\/api.w.org\/{rel}","templated":true}]}}