{"id":241,"date":"2016-12-15T19:10:25","date_gmt":"2016-12-15T18:10:25","guid":{"rendered":"http:\/\/childreninthecloud.org\/?page_id=241"},"modified":"2024-04-15T20:24:17","modified_gmt":"2024-04-15T19:24:17","slug":"presentacion-del-proyecto-de-construccion-de-la-escuela-simien","status":"publish","type":"page","link":"https:\/\/childreninthecloud.org\/es\/presentation-projet-construction-ecole-simien\/","title":{"rendered":"Presentaci\u00f3n de Children in the Cloud"},"content":{"rendered":"<header class=\"entry-header\">\n<h3 class=\"entry-title single-title\">Proyecto Children in the Cloud \/ Sona<\/h3>\n<\/header>\n<p>El prop\u00f3sito de la <strong>Fundaci\u00f3n Children in the Cloud<\/strong> es apoyar la creaci\u00f3n y el desarrollo de <strong>infraestructura educativa<\/strong> para proporcionar acceso a una educaci\u00f3n de calidad para los ni\u00f1os de Amhara mediante <strong>Etiop\u00eda.<\/strong> La Fundaci\u00f3n trabaja en los pueblos de altura de <strong>Macizo de Simien<\/strong> Implicar a la gente de la comunidad para que se involucre personalmente en el proyecto de construcci\u00f3n de una escuela en Simien.<\/p>\n<p>Fue durante un trekking en 2015 en el macizo de <a href=\"https:\/\/childreninthecloud.org\/es\/le-massif-du-simien-presentation\/\">Simien en Etiop\u00eda<\/a> que fuimos informados de la falta de infraestructura escolar en el pueblo de Sona. Se encuentra a una altitud de 3500 m. Sus habitantes, lejos de cualquier camino transitable, viven de una agricultura no mecanizada de cereales y un reba\u00f1o de ovejas y b\u00fafalos que pastan en las tierras cultivables. Viven sin agua ni luz, en chozas de barro en gran precariedad. Al tener poco o ning\u00fan dinero, la comunidad no tiene los medios para brindar a sus hijos el m\u00ednimo necesario para su educaci\u00f3n.<\/p>\n<h3>2015-2019 - Historia de la Fundaci\u00f3n<\/h3>\n<p><iframe data-src=\"https:\/\/www.youtube.com\/embed\/KlK4Tfm3cMs\" width=\"560\" height=\"315\" frameborder=\"0\" allowfullscreen=\"allowfullscreen\" src=\"data:image\/svg+xml;base64,PHN2ZyB3aWR0aD0iMSIgaGVpZ2h0PSIxIiB4bWxucz0iaHR0cDovL3d3dy53My5vcmcvMjAwMC9zdmciPjwvc3ZnPg==\" class=\"lazyload\" data-load-mode=\"1\"><\/iframe><\/p>\n<p>Este v\u00eddeo repasa en 6mn30 los primeros 4 a\u00f1os de trabajo de la Fundaci\u00f3n Children in the Cloud. M\u00e1s informaci\u00f3n en <a href=\"https:\/\/childreninthecloud.org\/es\/video-del-proyecto\/\">todos nuestros v\u00eddeos en la secci\u00f3n dedicada<\/a>.<\/p>\n<h3><strong>El pueblo de Sona<\/strong><a href=\"https:\/\/childreninthecloud.org\/wp-content\/uploads\/2016\/09\/drone-sona-0022.jpg\"><img decoding=\"async\" class=\"alignright wp-image-56 size-large lazyload\" title=\"Sona Simen Etiop\u00eda \" data-src=\"https:\/\/childreninthecloud.org\/wp-content\/uploads\/2016\/09\/drone-sona-0022-1024x767.jpg\" alt=\"\" width=\"730\" height=\"547\" data-srcset=\"https:\/\/childreninthecloud.org\/wp-content\/uploads\/2016\/09\/drone-sona-0022-1024x767.jpg 1024w, https:\/\/childreninthecloud.org\/wp-content\/uploads\/2016\/09\/drone-sona-0022-300x225.jpg 300w, https:\/\/childreninthecloud.org\/wp-content\/uploads\/2016\/09\/drone-sona-0022-768x576.jpg 768w, https:\/\/childreninthecloud.org\/wp-content\/uploads\/2016\/09\/drone-sona-0022.jpg 2000w\" data-sizes=\"auto\" src=\"data:image\/svg+xml;base64,PHN2ZyB3aWR0aD0iMSIgaGVpZ2h0PSIxIiB4bWxucz0iaHR0cDovL3d3dy53My5vcmcvMjAwMC9zdmciPjwvc3ZnPg==\" style=\"--smush-placeholder-width: 730px; --smush-placeholder-aspect-ratio: 730\/547;\" data-original-sizes=\"(max-width: 730px) 100vw, 730px\" \/><\/a><\/h3>\n<ul>\n<li>Altiplano en el borde del Parque Nacional de las Monta\u00f1as Simien, declarado Patrimonio de la Humanidad por la UNESCO<\/li>\n<li>la altitud media es de 3600 m.<\/li>\n<li>Poblaci\u00f3n sedentaria<\/li>\n<li>8.000 habitantes, 2.000 ni\u00f1os en edad escolar (estimaci\u00f3n)<\/li>\n<li>Falta de infraestructura escolar y sanitaria<\/li>\n<li>Niveles primarios 1 a 8. Sin escuela secundaria<\/li>\n<li>Agricultura de cereales autosuficiente y no mecanizada<\/li>\n<li>Solo una cosecha al a\u00f1o<\/li>\n<li>Animales: ovinos, bovinos, gallinas, mulas, etc.<\/li>\n<li>No hay agua ni electricidad en las chozas.<\/li>\n<li>Sin camino, acceso solo por caminos de mulas. La pista m\u00e1s cercana est\u00e1 a unas 2,5 horas a pie.<\/li>\n<\/ul>\n<h3><strong>El proyecto Sona<\/strong><\/h3>\n<ul>\n<li><a href=\"https:\/\/childreninthecloud.org\/es\/la-escuela-sale-de-la-tierra-que-emocion\/\" target=\"_blank\" rel=\"noopener noreferrer\">Construcci\u00f3n de una escuela primaria<\/a> s\u00f3lida para 600 estudiantes<\/li>\n<li>Electrificaci\u00f3n de la escuela mediante un <a href=\"https:\/\/childreninthecloud.org\/es\/la-electricidad-llega-a-la-escuela-sona\/\" target=\"_blank\" rel=\"noopener\">sistema fotovoltaico<\/a> y bater\u00edas<\/li>\n<li>Suministro de material escolar y libros de referencia.<\/li>\n<li>Suministro de uniformes<\/li>\n<li>Construcci\u00f3n de infraestructura sanitaria y <a href=\"https:\/\/childreninthecloud.org\/es\/el-agua-ha-llegado-a-la-escuela\/\" target=\"_blank\" rel=\"noopener noreferrer\">traer agua a la escuela<\/a><\/li>\n<li>sal\u00f3n comunitario y sala de primeros auxilios en colaboraci\u00f3n con Simien Mountains Mobile Medical Service<\/li>\n<li>Vivienda para 20 profesores de escuela<\/li>\n<li>Zona de acampada para la recepci\u00f3n de turistas<\/li>\n<\/ul>\n<p><a href=\"https:\/\/childreninthecloud.org\/wp-content\/uploads\/2016\/09\/Ethiopie-mai-2016-2679.jpg\"><img decoding=\"async\" class=\"alignright wp-image-59 size-large lazyload\" data-src=\"https:\/\/childreninthecloud.org\/wp-content\/uploads\/2016\/09\/Ethiopie-mai-2016-2679-1024x682.jpg\" alt=\"\" width=\"730\" height=\"486\" data-srcset=\"https:\/\/childreninthecloud.org\/wp-content\/uploads\/2016\/09\/Ethiopie-mai-2016-2679-1024x682.jpg 1024w, https:\/\/childreninthecloud.org\/wp-content\/uploads\/2016\/09\/Ethiopie-mai-2016-2679-300x200.jpg 300w, https:\/\/childreninthecloud.org\/wp-content\/uploads\/2016\/09\/Ethiopie-mai-2016-2679-768x512.jpg 768w, https:\/\/childreninthecloud.org\/wp-content\/uploads\/2016\/09\/Ethiopie-mai-2016-2679.jpg 2000w\" data-sizes=\"auto\" src=\"data:image\/svg+xml;base64,PHN2ZyB3aWR0aD0iMSIgaGVpZ2h0PSIxIiB4bWxucz0iaHR0cDovL3d3dy53My5vcmcvMjAwMC9zdmciPjwvc3ZnPg==\" style=\"--smush-placeholder-width: 730px; --smush-placeholder-aspect-ratio: 730\/486;\" data-original-sizes=\"(max-width: 730px) 100vw, 730px\" \/><\/a><\/p>\n<p>Establecimos un primer contacto con la poblaci\u00f3n a finales de abril de 2016 y discutimos sus necesidades. El <strong>buen gobierno<\/strong> del proyecto es una prioridad para nosotros porque es la apuesta de la adecuaci\u00f3n a las necesidades y la sostenibilidad del proyecto.<\/p>\n<p>Un <strong>comit\u00e9 de construcci\u00f3n<\/strong> (foto opuesta) se estableci\u00f3 y el <strong>comit\u00e9 escolar<\/strong> preexistente se ha reactivado y reforzado. El comit\u00e9 de construcci\u00f3n juega un papel importante en el buen funcionamiento del sitio, en particular se asegura de que se respeten los plazos y los costos.<\/p>\n<p>El coste estimado de todo el proyecto de la escuela Sona es de 400.000 francos suizos, excluyendo las contribuciones nacionales, es decir, la provisi\u00f3n de terrenos, algunos transportes y la mano de obra de construcci\u00f3n.<\/p>\n<p>Todo el proyecto se entreg\u00f3 a principios de 2023, perturbado por la <a href=\"https:\/\/childreninthecloud.org\/es\/actividades-de-la-fundacion-durante-la-epidemia-de-coronavirus-covid19\/\"><strong>Crisis de salud de COVID 19<\/strong>,<\/a> y la guerra civil en la regi\u00f3n.<\/p>","protected":false},"excerpt":{"rendered":"<p>Proyecto Children in the Cloud \/ Sona El objetivo de la Fundaci\u00f3n Children in the Cloud es apoyar la creaci\u00f3n y el desarrollo de infraestructuras educativas para facilitar el acceso a una educaci\u00f3n de calidad a los ni\u00f1os de Amhara (Etiop\u00eda). La Fundaci\u00f3n trabaja en los pueblos del altiplano de la cordillera Simien implicando a la gente de la comunidad en un compromiso personal con la educaci\u00f3n. <\/p>","protected":false},"author":3,"featured_media":0,"parent":0,"menu_order":0,"comment_status":"closed","ping_status":"closed","template":"","meta":{"footnotes":""},"class_list":["post-241","page","type-page","status-publish","hentry","latest_post"],"_links":{"self":[{"href":"https:\/\/childreninthecloud.org\/es\/wp-json\/wp\/v2\/pages\/241","targetHints":{"allow":["GET"]}}],"collection":[{"href":"https:\/\/childreninthecloud.org\/es\/wp-json\/wp\/v2\/pages"}],"about":[{"href":"https:\/\/childreninthecloud.org\/es\/wp-json\/wp\/v2\/types\/page"}],"author":[{"embeddable":true,"href":"https:\/\/childreninthecloud.org\/es\/wp-json\/wp\/v2\/users\/3"}],"replies":[{"embeddable":true,"href":"https:\/\/childreninthecloud.org\/es\/wp-json\/wp\/v2\/comments?post=241"}],"version-history":[{"count":0,"href":"https:\/\/childreninthecloud.org\/es\/wp-json\/wp\/v2\/pages\/241\/revisions"}],"wp:attachment":[{"href":"https:\/\/childreninthecloud.org\/es\/wp-json\/wp\/v2\/media?parent=241"}],"curies":[{"name":"wp","href":"https:\/\/api.w.org\/{rel}","templated":true}]}}