{"id":429,"date":"2017-09-10T14:18:04","date_gmt":"2017-09-10T13:18:04","guid":{"rendered":"http:\/\/childreninthecloud.org\/?page_id=429"},"modified":"2025-06-04T15:47:50","modified_gmt":"2025-06-04T14:47:50","slug":"sala-de-prensa","status":"publish","type":"page","link":"https:\/\/childreninthecloud.org\/es\/espace-presse\/","title":{"rendered":"\u00c1rea de prensa"},"content":{"rendered":"<p>Los medios de comunicaci\u00f3n son una caja de resonancia decisiva para dar a conocer nuestra Fundaci\u00f3n y su actuaci\u00f3n. Amigo periodista, \u00a1bienvenido!<\/p>\n<p>\u00bfQue tenemos?<\/p>\n<ul>\n<li>la Fundaci\u00f3n es <a href=\"https:\/\/childreninthecloud.org\/es\/vision-mision-valores\/\" target=\"_blank\" rel=\"noopener noreferrer\">presentada brevemente en este sitio<\/a>, pero tenemos un <strong>archivo completo<\/strong>. Para obtenerlo, comun\u00edquese con nosotros.<\/li>\n<li>la lista de nuestros <a href=\"https:\/\/childreninthecloud.org\/es\/sala-de-prensa\/comunicados\/\">Comunicados de prensa<\/a>.<\/li>\n<li>Una <b>librer\u00eda fotogr\u00e1fica<\/b>\u00a0de m\u00e1s de 1000 fotograf\u00edas de calidad profesional sobre el proyecto de construcci\u00f3n de la escuela Sona, pero tambi\u00e9n en general sobre Etiop\u00eda, el macizo de Simien, etc. Est\u00e1 disponible para los medios, incluso para temas ajenos a la Fundaci\u00f3n, \u00a1a cambio de una simple menci\u00f3n!<\/li>\n<li>Una <strong>videoteca<\/strong> de nuestras emisiones sobre diversos temas: proyectos escolares, medio ambiente, vistas a\u00e9reas con drones, beautyshot, poblaci\u00f3n, fauna y flora, etc. Est\u00e1 a disposici\u00f3n de los medios de comunicaci\u00f3n, incluso para temas ajenos a la Fundaci\u00f3n, \u00a1a cambio de una simple menci\u00f3n!<\/li>\n<li>Una p\u00e1gina con las <a href=\"https:\/\/childreninthecloud.org\/es\/noticias-de-la-fundacion\/\">Noticias de la fundaci\u00f3n<\/a><\/li>\n<\/ul>\n<h2>Contacto de prensa y medios<\/h2>\n<ul>\n<li>contacto prioritario: Herv\u00e9 Doulat - vicepresidente - Grenoble (Francia) - herve.doulat (@) childreninthecloud.org - +33 677 80 87 54<\/li>\n<li>contacto secundario: Eric Collet - presidente - Montreux (Suiza) - eric.collet (@) childreninthecloud.org<\/li>\n<\/ul>","protected":false},"excerpt":{"rendered":"<p>Los medios de comunicaci\u00f3n son un factor decisivo para dar a conocer nuestra Fundaci\u00f3n y sus acciones. Amigo periodista, \u00a1eres bienvenido aqu\u00ed! La Fundaci\u00f3n se presenta brevemente en este sitio, pero tenemos un archivo completo a su disposici\u00f3n. Para obtenerla, p\u00f3ngase en contacto con nosotros. la lista de nuestros comunicados de prensa. ... <\/p>","protected":false},"author":1,"featured_media":0,"parent":0,"menu_order":0,"comment_status":"closed","ping_status":"closed","template":"","meta":{"footnotes":""},"class_list":["post-429","page","type-page","status-publish","hentry","latest_post"],"_links":{"self":[{"href":"https:\/\/childreninthecloud.org\/es\/wp-json\/wp\/v2\/pages\/429","targetHints":{"allow":["GET"]}}],"collection":[{"href":"https:\/\/childreninthecloud.org\/es\/wp-json\/wp\/v2\/pages"}],"about":[{"href":"https:\/\/childreninthecloud.org\/es\/wp-json\/wp\/v2\/types\/page"}],"author":[{"embeddable":true,"href":"https:\/\/childreninthecloud.org\/es\/wp-json\/wp\/v2\/users\/1"}],"replies":[{"embeddable":true,"href":"https:\/\/childreninthecloud.org\/es\/wp-json\/wp\/v2\/comments?post=429"}],"version-history":[{"count":2,"href":"https:\/\/childreninthecloud.org\/es\/wp-json\/wp\/v2\/pages\/429\/revisions"}],"predecessor-version":[{"id":8588,"href":"https:\/\/childreninthecloud.org\/es\/wp-json\/wp\/v2\/pages\/429\/revisions\/8588"}],"wp:attachment":[{"href":"https:\/\/childreninthecloud.org\/es\/wp-json\/wp\/v2\/media?parent=429"}],"curies":[{"name":"wp","href":"https:\/\/api.w.org\/{rel}","templated":true}]}}