{"id":5490,"date":"2021-07-15T09:44:23","date_gmt":"2021-07-15T07:44:23","guid":{"rendered":"https:\/\/childreninthecloud.org\/?page_id=5490"},"modified":"2025-04-25T10:57:51","modified_gmt":"2025-04-25T09:57:51","slug":"pago-del-patrocinio","status":"publish","type":"page","link":"https:\/\/childreninthecloud.org\/es\/paiement-parrainage\/","title":{"rendered":"Pago de patrocinio 2024-2025 para residentes fiscales suizos."},"content":{"rendered":"<p><strong>Si reside fiscalmente en la Uni\u00f3n Europea, p\u00f3ngase en contacto con nosotros para obtener m\u00e1s informaci\u00f3n.<\/strong><\/p>\r\n\r\n\r\n\r\n<p><b><i>Gracias por su compromiso y apoyo<\/i><\/b><b style=\"font-style: italic;\">ien a los ni\u00f1os en Sona<\/b><em style=\"font-style: italic; font-weight: bold;\"><strong>.<\/strong><\/em> <em><strong> Puede establecer un pago mensual de 60 CHF.<\/strong><\/em><em style=\"font-style: italic; font-weight: bold;\"><strong>nt<\/strong><\/em><em><strong>\u00a0<em style=\"font-style: italic; font-weight: bold;\"><strong>o 720 CHF <\/strong><\/em>anualmente o pagar 2880 CHF de una sola vez, utilizando este m\u00f3dulo de pago<\/strong><\/em><i><strong> con tarjeta de cr\u00e9dito. Para establecer el pago por transferencia bancaria, p\u00f3ngase en contacto con nosotros:<\/strong><\/i><\/p>\r\n\r\n\r\n<p><form id=\"forminator-module-8057\" class=\"forminator-custom-form forminator-custom-form-8057\" method=\"post\" data-forminator-render=\"0\" data-uid=\"69fa11a5de461\" action=\"\"><div role=\"alert\" aria-live=\"polite\" class=\"forminator-response-message forminator-error\" aria-hidden=\"true\"><\/div><input type=\"hidden\" name=\"trp-form-language\" value=\"es\"\/><\/form><\/p>\n\r\n\r\n\r\n<p>&nbsp;<\/p>\r\n\r\n\r\n\r\n<p><strong>O p\u00f3ngase en contacto con nosotros rellenando este formulario:<\/strong><\/p>\r\n\r\n\r\n\r\n<div class=\"forminator-guttenberg\"><form id=\"forminator-module-6956\" class=\"forminator-custom-form forminator-custom-form-6956\" method=\"post\" data-forminator-render=\"0\" data-uid=\"69fa11a5e1154\" action=\"\"><div role=\"alert\" aria-live=\"polite\" class=\"forminator-response-message forminator-error\" aria-hidden=\"true\"><\/div><input type=\"hidden\" name=\"trp-form-language\" value=\"es\"\/><\/form><\/div>\r\n\r\n\r\n\r\n<p>&nbsp;<\/p>\r\n\r\n\r\n\r\n<p>&nbsp;<\/p>\r\n\r\n\r\n<hr class=\"wp-block-separator has-css-opacity aligncenter\" \/>\r\n\r\n\r\n<p>&nbsp;<\/p>","protected":false},"excerpt":{"rendered":"<p>Si vous \u00eates r\u00e9sident fiscal dans l&rsquo;Union Europ\u00e9en, contactez-nous pour plus d&rsquo;informations. Merci pour votre engagement et votre soutien aux enfants de Sona. Vous pouvez mettre en place le versement de 60 CHF mensuellement\u00a0ou 720 CHF annuellement ou encore payer en une fois 2880 CHF, \u00e0 l\u2019aide de ce module de paiement par carte de cr\u00e9dit. Pour mettre en place &hellip; <\/p>","protected":false},"author":10,"featured_media":0,"parent":0,"menu_order":0,"comment_status":"closed","ping_status":"closed","template":"","meta":{"footnotes":""},"class_list":["post-5490","page","type-page","status-publish","hentry","latest_post"],"_links":{"self":[{"href":"https:\/\/childreninthecloud.org\/es\/wp-json\/wp\/v2\/pages\/5490","targetHints":{"allow":["GET"]}}],"collection":[{"href":"https:\/\/childreninthecloud.org\/es\/wp-json\/wp\/v2\/pages"}],"about":[{"href":"https:\/\/childreninthecloud.org\/es\/wp-json\/wp\/v2\/types\/page"}],"author":[{"embeddable":true,"href":"https:\/\/childreninthecloud.org\/es\/wp-json\/wp\/v2\/users\/10"}],"replies":[{"embeddable":true,"href":"https:\/\/childreninthecloud.org\/es\/wp-json\/wp\/v2\/comments?post=5490"}],"version-history":[{"count":0,"href":"https:\/\/childreninthecloud.org\/es\/wp-json\/wp\/v2\/pages\/5490\/revisions"}],"wp:attachment":[{"href":"https:\/\/childreninthecloud.org\/es\/wp-json\/wp\/v2\/media?parent=5490"}],"curies":[{"name":"wp","href":"https:\/\/api.w.org\/{rel}","templated":true}]}}