{"id":712,"date":"2018-03-19T16:32:13","date_gmt":"2018-03-19T15:32:13","guid":{"rendered":"http:\/\/childreninthecloud.org\/?page_id=712"},"modified":"2024-12-05T11:50:27","modified_gmt":"2024-12-05T10:50:27","slug":"comunicados","status":"publish","type":"page","link":"https:\/\/childreninthecloud.org\/es\/espace-presse\/communiques\/","title":{"rendered":"Comunicados de prensa"},"content":{"rendered":"<h3>Comunicados de prensa emitidos por la Fundaci\u00f3n Children in the Cloud.<\/h3>\n<p><a href=\"https:\/\/childreninthecloud.org\/wp-content\/uploads\/2018\/03\/1-histoire-de-la-fondation.pdf\" target=\"_blank\" rel=\"noopener noreferrer\">CP1 historia de la fundaci\u00f3n<\/a> Una breve historia de la creaci\u00f3n de Children in the Cloud Foundation y un resumen del proyecto: contenido y gobernanza.<\/p>\n<p><a href=\"https:\/\/childreninthecloud.org\/wp-content\/uploads\/2018\/03\/CP2-soiree-ilyade-seyssinet.pdf\" target=\"_blank\" rel=\"noopener noreferrer\">CP2 tarde Ilyade Seyssinet<\/a> Presentaci\u00f3n de la velada en el auditorio Ilyade (Seyssinet-Pariset - Francia) y proyecci\u00f3n del documental &quot;Ni\u00f1os desde el techo de \u00c1frica&quot;.<\/p>\n<p><a href=\"https:\/\/childreninthecloud.org\/es\/comienzo-de-las-obras\/\">Inicio de las obras del CP3<\/a> El trabajo en la nueva escuela en Sona (Simien) comenz\u00f3 en septiembre. La entrega de los 2 primeros edificios escolares (8 aulas en total) e instalaciones sanitarias est\u00e1 prevista para abril de 2019.<\/p>\n<p><a href=\"https:\/\/childreninthecloud.org\/wp-content\/uploads\/2019\/12\/4-soiree-Caux.pdf\">CP4 tarde Caux<\/a> El 7 de diciembre de 2019, la escuela de hoteler\u00eda SHMS de Caux organiza una noche de gala y recaudaci\u00f3n de fondos en beneficio de nuestra Fundaci\u00f3n.<\/p>\n<p><a href=\"https:\/\/childreninthecloud.org\/wp-content\/uploads\/2019\/12\/5-inauguration-des-premiers-batiments.pdf\">Inauguraci\u00f3n CP5 de los primeros edificios<\/a>. En noviembre de 2019 se inauguraron los primeros edificios del colegio Sona.<\/p>\n<p><a href=\"https:\/\/childreninthecloud.org\/wp-content\/uploads\/2020\/04\/6-aide-alimentaire-durgence.pdf\">CP6 COVID 19 y riesgo de hambruna<\/a>. La epidemia de COVID 19 representa un riesgo de hambruna para algunas familias de Sona. Hemos decidido reaccionar.<\/p>\n<p><a href=\"https:\/\/childreninthecloud.org\/wp-content\/uploads\/2020\/09\/7-exposition-photos-ignacio-larrain-divonne.pdf\" target=\"_blank\" rel=\"noopener noreferrer\">Exposici\u00f3n fotogr\u00e1fica CP7 Ignacio Larrain<\/a>. Ignacio Larra\u00edn expone sus foto-retratos en Divonne-les-Bains del 17 al 20 de septiembre de 2020.<\/p>\n<p><a href=\"https:\/\/childreninthecloud.org\/wp-content\/uploads\/2021\/01\/8-visite-janvier-2021.pdf\" target=\"_blank\" rel=\"noopener\">Viaje CP8 enero 2021<\/a>. Informe en video de nuestro viaje a la escuela de Sona en diciembre de 2020 y enero de 2021.\u00a0<\/p>\n<p>Para cualquier informaci\u00f3n, cont\u00e1ctenos: Herv\u00e9 Doulat herve.doulat (at) childreninthecloud.org o v\u00eda <a href=\"https:\/\/childreninthecloud.org\/es\/pongase-en-contacto-con\/\" target=\"_blank\" rel=\"noopener noreferrer\">nuestra forma<\/a>.<\/p>\n\n\n<p><\/p>","protected":false},"excerpt":{"rendered":"<p>Comunicados emitidos por la Fundaci\u00f3n Children in the Cloud. CP1 historia de la fundaci\u00f3n Breve historia de la creaci\u00f3n de la Fundaci\u00f3n Children in the Cloud y resumen del proyecto: contenido y gobernanza. CP2 soiree ilyade seyssinet Presentaci\u00f3n de la velada en el teatro Ilyade (Seyssinet-Pariset - Francia) y proyecci\u00f3n del documental ... <\/p>","protected":false},"author":1,"featured_media":0,"parent":429,"menu_order":0,"comment_status":"closed","ping_status":"closed","template":"","meta":{"footnotes":""},"class_list":["post-712","page","type-page","status-publish","hentry","latest_post"],"_links":{"self":[{"href":"https:\/\/childreninthecloud.org\/es\/wp-json\/wp\/v2\/pages\/712","targetHints":{"allow":["GET"]}}],"collection":[{"href":"https:\/\/childreninthecloud.org\/es\/wp-json\/wp\/v2\/pages"}],"about":[{"href":"https:\/\/childreninthecloud.org\/es\/wp-json\/wp\/v2\/types\/page"}],"author":[{"embeddable":true,"href":"https:\/\/childreninthecloud.org\/es\/wp-json\/wp\/v2\/users\/1"}],"replies":[{"embeddable":true,"href":"https:\/\/childreninthecloud.org\/es\/wp-json\/wp\/v2\/comments?post=712"}],"version-history":[{"count":0,"href":"https:\/\/childreninthecloud.org\/es\/wp-json\/wp\/v2\/pages\/712\/revisions"}],"up":[{"embeddable":true,"href":"https:\/\/childreninthecloud.org\/es\/wp-json\/wp\/v2\/pages\/429"}],"wp:attachment":[{"href":"https:\/\/childreninthecloud.org\/es\/wp-json\/wp\/v2\/media?parent=712"}],"curies":[{"name":"wp","href":"https:\/\/api.w.org\/{rel}","templated":true}]}}