{"id":7462,"date":"2024-04-08T08:19:30","date_gmt":"2024-04-08T07:19:30","guid":{"rendered":"https:\/\/childreninthecloud.org\/?page_id=7462"},"modified":"2025-05-04T15:26:16","modified_gmt":"2025-05-04T14:26:16","slug":"chirolaba","status":"publish","type":"page","link":"https:\/\/childreninthecloud.org\/es\/chirolaba\/","title":{"rendered":"Proyecto: ampliar la escuela Chirolaba"},"content":{"rendered":"<p>La colaboraci\u00f3n con el instituto Chirolaba dura ya tres a\u00f1os. La escuela acoge a alumnos de Sona que reciben una beca para continuar sus estudios secundarios. La escuela Chirolaba tambi\u00e9n dispone de edificios para albergar a nuestros 40 alumnos internos (al comienzo del curso escolar 2024): dormitorios, cocina, aseos, sala com\u00fan, etc. La escuela Chirolaba est\u00e1 experimentando una gran afluencia de alumnos y, por lo tanto, necesita aulas adicionales. De eso trata este proyecto.<\/p>\r\n\r\n<div class=\"clearfix rara-row\"><div class=\"rara_column rara-span1\"><\/div> <div class=\"rara_column rara-span4\"><form id=\"forminator-module-8085\" class=\"forminator-custom-form forminator-custom-form-8085\" method=\"post\" data-forminator-render=\"0\" data-uid=\"69f9efd4d78b7\" action=\"\"><div role=\"alert\" aria-live=\"polite\" class=\"forminator-response-message forminator-error\" aria-hidden=\"true\"><\/div><input type=\"hidden\" name=\"trp-form-language\" value=\"es\"\/><\/form><\/div> <div class=\"rara_column rara-span1\"><\/div><\/div>\r\n\r\n<div class=\"wp-block-column is-layout-flow wp-block-column-is-layout-flow\">\r\n<h2 class=\"wp-block-heading\">El proyecto en breve<\/h2>\r\n\r\n\r\n\r\n<p>El instituto Chirolaba acoge a 1.250 alumnos que cursan 4 a\u00f1os en 2 edificios de 4 aulas cada uno, en 2 turnos de ma\u00f1ana y tarde.  Como consecuencia de ello, la escuela tiene una grave escasez de aulas (\u00a1una media de m\u00e1s de 90 alumnos por clase!), lo que conlleva un deterioro definitivo de las condiciones de ense\u00f1anza.<\/p>\r\n\r\n\r\n\r\n<p>Para paliar la flagrante falta de aulas, que compromete la calidad de la ense\u00f1anza, tenemos previsto :<\/p>\r\n\r\n\r\n\r\n<ul class=\"wp-block-list\">\r\n<li><strong>La construcci\u00f3n de un edificio de ladrillo con 4 aulas, <\/strong>aumentando la capacidad de la escuela de 50%.<\/li>\r\n\r\n\r\n\r\n<li><strong>Equipamiento de las 4 aulas<\/strong> as\u00ed como mobiliario adecuado (sillas, escritorios, etc.)<\/li>\r\n\r\n\r\n\r\n<li><strong>Equiparlo con electricidad<\/strong> y conectarlo a la red.<\/li>\r\n<\/ul>\r\n<\/div>\r\n\r\n<p>&nbsp;<\/p>\r\n<!-- \/wp:post-content -->\r\n\r\n<!-- wp:heading {\"textAlign\":\"center\",\"level\":3} -->\r\n<h3 class=\"wp-block-heading has-text-align-center\">Presupuesto del proyecto: 158.500 frs<\/h3>\r\n<!-- \/wp:heading -->\r\n\r\n<!-- wp:heading {\"level\":3} -->\r\n<h3 class=\"wp-block-heading\">Detalles del proyecto:<\/h3>\r\n<!-- \/wp:heading -->\r\n\r\n<!-- wp:image {\"id\":7507,\"sizeSlug\":\"large\",\"linkDestination\":\"none\"} -->\r\n<figure class=\"wp-block-image size-large\"><img decoding=\"async\" width=\"1024\" height=\"767\" class=\"wp-image-7507 lazyload\" data-src=\"https:\/\/childreninthecloud.org\/wp-content\/uploads\/2024\/04\/image-1024x767.png\" alt=\"\" data-srcset=\"https:\/\/childreninthecloud.org\/wp-content\/uploads\/2024\/04\/image-1024x767.png 1024w, https:\/\/childreninthecloud.org\/wp-content\/uploads\/2024\/04\/image-300x225.png 300w, https:\/\/childreninthecloud.org\/wp-content\/uploads\/2024\/04\/image-768x575.png 768w, https:\/\/childreninthecloud.org\/wp-content\/uploads\/2024\/04\/image-16x12.png 16w, https:\/\/childreninthecloud.org\/wp-content\/uploads\/2024\/04\/image.png 1192w\" data-sizes=\"auto\" src=\"data:image\/svg+xml;base64,PHN2ZyB3aWR0aD0iMSIgaGVpZ2h0PSIxIiB4bWxucz0iaHR0cDovL3d3dy53My5vcmcvMjAwMC9zdmciPjwvc3ZnPg==\" style=\"--smush-placeholder-width: 1024px; --smush-placeholder-aspect-ratio: 1024\/767;\" data-original-sizes=\"(max-width: 1024px) 100vw, 1024px\" \/><\/figure>\r\n<!-- \/wp:image -->\r\n\r\n<!-- wp:paragraph -->\r\n<p>Estamos planeando :<\/p>\r\n<!-- \/wp:paragraph -->\r\n\r\n<!-- wp:list -->\r\n<ul class=\"wp-block-list\"><!-- wp:list-item -->\r\n<li>La construcci\u00f3n de un edificio de ladrillo con 4 aulas y electricidad, aumentando la capacidad de la escuela en 50%.<\/li>\r\n<!-- \/wp:list-item -->\r\n\r\n<!-- wp:list-item -->\r\n<li>Suministro de mobiliario, material escolar y libros de consulta.<\/li>\r\n<!-- \/wp:list-item --><\/ul>\r\n<!-- \/wp:list -->\r\n\r\n<!-- wp:paragraph -->\r\n<p><strong><em>Calendario de construcci\u00f3n :<\/em><\/strong><\/p>\r\n<!-- \/wp:paragraph -->\r\n\r\n<!-- wp:paragraph -->\r\n<p>La construcci\u00f3n dura unos 6 meses. Los trabajos estructurales y de impermeabilizaci\u00f3n (los 4 primeros meses del proyecto) deben realizarse durante la estaci\u00f3n seca, entre septiembre y junio.<\/p>\r\n<!-- \/wp:paragraph -->\r\n\r\n<!-- wp:paragraph -->\r\n<p><strong><em>Impacto del proyecto :<\/em><\/strong><\/p>\r\n<!-- \/wp:paragraph -->\r\n\r\n<!-- wp:paragraph -->\r\n<p>Directamente: los 1.250 alumnos y el personal docente.<\/p>\r\n<!-- \/wp:paragraph -->\r\n\r\n<!-- wp:paragraph -->\r\n<p>Indirectamente: las familias y la comunidad mediante la mejora de la calidad de la educaci\u00f3n, as\u00ed como a trav\u00e9s del impacto econ\u00f3mico de la construcci\u00f3n y los puestos de trabajo creados durante las obras.<\/p>\r\n<!-- \/wp:paragraph -->\r\n\r\n<!-- wp:paragraph {\"fontSize\":\"medium\"} -->\r\n<p class=\"has-medium-font-size\"><strong>Gracias a ti, \u00a1ya hemos recaudado 135.600 CHF! Sigamos as\u00ed y alcancemos nuestro presupuesto de 158.500 CHF.<\/strong><\/p>\r\n<!-- \/wp:paragraph -->\r\n\r\n<!-- wp:paragraph -->\r\n<p>&nbsp;<\/p>\r\n<!-- \/wp:paragraph -->","protected":false},"excerpt":{"rendered":"<p>La colaboraci\u00f3n con el instituto Chirolaba dura ya tres a\u00f1os. La escuela acoge a alumnos de Sona que reciben una beca para continuar sus estudios secundarios. La escuela Chirolaba tambi\u00e9n dispone de edificios para alojar a nuestros 40 alumnos internos (al inicio del curso escolar 2024): dormitorios, cocina, aseos, sala com\u00fan, etc. La escuela Chirolaba est\u00e1 experimentando una afluencia... <\/p>","protected":false},"author":10,"featured_media":7510,"parent":0,"menu_order":0,"comment_status":"closed","ping_status":"closed","template":"","meta":{"footnotes":""},"class_list":["post-7462","page","type-page","status-publish","has-post-thumbnail","hentry","latest_post"],"_links":{"self":[{"href":"https:\/\/childreninthecloud.org\/es\/wp-json\/wp\/v2\/pages\/7462","targetHints":{"allow":["GET"]}}],"collection":[{"href":"https:\/\/childreninthecloud.org\/es\/wp-json\/wp\/v2\/pages"}],"about":[{"href":"https:\/\/childreninthecloud.org\/es\/wp-json\/wp\/v2\/types\/page"}],"author":[{"embeddable":true,"href":"https:\/\/childreninthecloud.org\/es\/wp-json\/wp\/v2\/users\/10"}],"replies":[{"embeddable":true,"href":"https:\/\/childreninthecloud.org\/es\/wp-json\/wp\/v2\/comments?post=7462"}],"version-history":[{"count":0,"href":"https:\/\/childreninthecloud.org\/es\/wp-json\/wp\/v2\/pages\/7462\/revisions"}],"wp:featuredmedia":[{"embeddable":true,"href":"https:\/\/childreninthecloud.org\/es\/wp-json\/wp\/v2\/media\/7510"}],"wp:attachment":[{"href":"https:\/\/childreninthecloud.org\/es\/wp-json\/wp\/v2\/media?parent=7462"}],"curies":[{"name":"wp","href":"https:\/\/api.w.org\/{rel}","templated":true}]}}