{"id":7531,"date":"2024-04-08T17:36:06","date_gmt":"2024-04-08T16:36:06","guid":{"rendered":"https:\/\/childreninthecloud.org\/?page_id=7531"},"modified":"2025-05-27T06:39:09","modified_gmt":"2025-05-27T05:39:09","slug":"proyecto-para-dar-una-merienda-a-los-ninos-de-sona","status":"publish","type":"page","link":"https:\/\/childreninthecloud.org\/es\/projet-donner-une-collation-aux-enfants-de-sona\/","title":{"rendered":"Proyecto: ofrecer una merienda a los ni\u00f1os de Sona"},"content":{"rendered":"<p>Para mejorar las condiciones de escolarizaci\u00f3n, plane\u00e1bamos ayudar a distribuir un tentempi\u00e9 despu\u00e9s de las clases, que tienen lugar entre las 8.00 y las 13.00 horas.<\/p>\r\n\r\n\r\n\r\n<div class=\"wp-block-columns is-layout-flex wp-container-core-columns-is-layout-9d6595d7 wp-block-columns-is-layout-flex\">\r\n\r\n\r\n<div class=\"wp-block-column is-layout-flow wp-block-column-is-layout-flow\">\r\n<h2 class=\"wp-block-heading\">El proyecto en breve<\/h2>\r\n\r\n\r\n\r\n<p>Actualmente, los ni\u00f1os hacen una comida por la ma\u00f1ana y otra por la tarde. Se compone esencialmente de una <a href=\"https:\/\/fr.wikipedia.org\/wiki\/Injera\">injera<\/a> compartido con la familia.<\/p>\r\n\r\n\r\n\r\n<p>Ofrecerles un tentempi\u00e9 a base de inyera despu\u00e9s de clase mejorar\u00eda su nutrici\u00f3n, les motivar\u00eda para asistir a clase y supondr\u00eda una fuente de ingresos para las madres que preparar\u00edan y distribuir\u00edan estos tentempi\u00e9s.<\/p>\r\n\r\n\r\n\r\n<p>El compromiso financiero es importante y debe ser permanente, por lo que pens\u00e1bamos iniciar este proyecto a principios del pr\u00f3ximo mes de septiembre si se dispon\u00eda de fondos suficientes.<\/p>\r\n<\/div>\r\n<\/div>\r\n\r\n\r\n\r\n<h2 class=\"wp-block-heading\">Detalles del proyecto:<\/h2>\r\n\r\n\r\n\r\n<p>Por t\u00e9rmino medio, 600 ni\u00f1os acuden diariamente a la escuela Sona. Estimamos que el coste unitario de una <a href=\"https:\/\/fr.wikipedia.org\/wiki\/Injera\">injera<\/a> a 1 CHF, cada injera se repartir\u00eda entre 4 ni\u00f1os. El coste medio diario ser\u00e1 de 150 CHF.<\/p>\r\n\r\n\r\n\r\n<p>La preparaci\u00f3n y distribuci\u00f3n correr\u00eda a cargo de madres voluntarias con la ayuda de los profesores y la supervisi\u00f3n del Comit\u00e9 Escolar.<\/p>\r\n\r\n\r\n\r\n<h2 class=\"wp-block-heading\">Impacto del proyecto:<\/h2>\r\n\r\n\r\n\r\n<p><strong>Directo :<\/strong> Ni\u00f1os mejor alimentados. Madres que tendr\u00edan una peque\u00f1a fuente de ingresos.<\/p>\r\n\r\n\r\n\r\n<p><strong>Indirecto<\/strong> Toda la comunidad ver\u00eda ni\u00f1os m\u00e1s motivados y en mejores condiciones para estudiar.<\/p>\r\n<h2 class=\"wp-block-heading\">Estado del proyecto:<\/h2>\r\n<p>S\u00f3lo hemos recaudado 1305 frs desde el lanzamiento de la campa\u00f1a en mayo de 2024.  Por tanto, no podemos comprometernos al inicio del nuevo curso escolar y, aunque lo lamentamos, hemos decidido abandonar este proyecto y destinar el dinero recaudado a apoyar a la comunidad Sona.<\/p>\r\n\r\n<p>&nbsp;<\/p>\r\n<p><strong>Puede seguir ayudando a nuestros proyectos haciendo una donaci\u00f3n<\/strong><\/p>\r\n\r\n\r\n\r\n<p>&nbsp;<\/p>","protected":false},"excerpt":{"rendered":"<p>Para mejorar las condiciones de escolarizaci\u00f3n, nos proponemos ayudar a proporcionar una merienda despu\u00e9s de las clases, que tienen lugar entre las 8.00 y las 13.00 horas. El proyecto en pocas palabras En la actualidad, los ni\u00f1os tienen una comida por la ma\u00f1ana y otra por la tarde. En la mayor\u00eda de los casos se trata de una comida familiar. Ofrecerles un tentempi\u00e9 a base de injera despu\u00e9s de clase contribuir\u00e1 a mejorar su ... <\/p>","protected":false},"author":10,"featured_media":156,"parent":0,"menu_order":0,"comment_status":"closed","ping_status":"closed","template":"","meta":{"footnotes":""},"class_list":["post-7531","page","type-page","status-publish","has-post-thumbnail","hentry","latest_post"],"_links":{"self":[{"href":"https:\/\/childreninthecloud.org\/es\/wp-json\/wp\/v2\/pages\/7531","targetHints":{"allow":["GET"]}}],"collection":[{"href":"https:\/\/childreninthecloud.org\/es\/wp-json\/wp\/v2\/pages"}],"about":[{"href":"https:\/\/childreninthecloud.org\/es\/wp-json\/wp\/v2\/types\/page"}],"author":[{"embeddable":true,"href":"https:\/\/childreninthecloud.org\/es\/wp-json\/wp\/v2\/users\/10"}],"replies":[{"embeddable":true,"href":"https:\/\/childreninthecloud.org\/es\/wp-json\/wp\/v2\/comments?post=7531"}],"version-history":[{"count":1,"href":"https:\/\/childreninthecloud.org\/es\/wp-json\/wp\/v2\/pages\/7531\/revisions"}],"predecessor-version":[{"id":8327,"href":"https:\/\/childreninthecloud.org\/es\/wp-json\/wp\/v2\/pages\/7531\/revisions\/8327"}],"wp:featuredmedia":[{"embeddable":true,"href":"https:\/\/childreninthecloud.org\/es\/wp-json\/wp\/v2\/media\/156"}],"wp:attachment":[{"href":"https:\/\/childreninthecloud.org\/es\/wp-json\/wp\/v2\/media?parent=7531"}],"curies":[{"name":"wp","href":"https:\/\/api.w.org\/{rel}","templated":true}]}}