{"id":7696,"date":"2024-04-17T11:12:55","date_gmt":"2024-04-17T10:12:55","guid":{"rendered":"https:\/\/childreninthecloud.org\/?page_id=7696"},"modified":"2024-04-17T15:39:48","modified_gmt":"2024-04-17T14:39:48","slug":"nuestros-proyectos-actuales","status":"publish","type":"page","link":"https:\/\/childreninthecloud.org\/es\/nos-projets-actuels\/","title":{"rendered":"Nuestros proyectos actuales"},"content":{"rendered":"\n<p>En 2023 nous avons inaugur\u00e9 la nouvelle \u00e9cole de Sona avec ses \u00e9quipements. Ces b\u00e2timents ne sont qu\u2019une \u00e9tape de notre projet pour la communaut\u00e9 de Sona. Nous voulons am\u00e9liorer les conditions de vie des enfants scolaris\u00e9s dans cette \u00e9cole primaire et aussi contribuer \u00e0 l&rsquo;am\u00e9lioration de l&rsquo;enseignement secondaire dans la r\u00e9gion du Simien.  Dans ce but nous d\u00e9marrons les deux projets suivants:<\/p>\n\n\n\n<hr class=\"wp-block-separator has-alpha-channel-opacity\"\/>\n\n\n\n<h2 class=\"wp-block-heading\">Agrandir l&rsquo;\u00e9cole de Chirolaba<\/h2>\n\n\n\n<p><strong><a href=\"https:\/\/childreninthecloud.org\/chirolaba\/\">[give_totals ids=\u00a0\u00bb7460&Prime; message=\u00a0\u00bbGr\u00e2ce \u00e0 vous, nous avons d\u00e9j\u00e0 collect\u00e9 {total} ! Continuons cet effort de g\u00e9n\u00e9rosit\u00e9 pour arriver au budget de 158&rsquo;500 CHF!\u00a0\u00bb]<\/a><\/strong><\/p>\n\n\n\n<figure class=\"wp-block-image size-large\"><a href=\"https:\/\/childreninthecloud.org\/chirolaba\/\"><img decoding=\"async\" width=\"1024\" height=\"699\" data-src=\"https:\/\/childreninthecloud.org\/wp-content\/uploads\/2024\/04\/Chirolaba@2x-1024x699.png\" alt=\"\" class=\"wp-image-7510 lazyload\" src=\"data:image\/svg+xml;base64,PHN2ZyB3aWR0aD0iMSIgaGVpZ2h0PSIxIiB4bWxucz0iaHR0cDovL3d3dy53My5vcmcvMjAwMC9zdmciPjwvc3ZnPg==\" style=\"--smush-placeholder-width: 1024px; --smush-placeholder-aspect-ratio: 1024\/699;\" \/><\/a><\/figure>\n\n\n\n<hr class=\"wp-block-separator has-alpha-channel-opacity\"\/>\n\n\n\n<h2 class=\"wp-block-heading\">Offrir une collation aux enfants de Sona<\/h2>\n\n\n\n<p><strong><strong><a href=\"https:\/\/childreninthecloud.org\/projet-donner-une-collation-aux-enfants-de-sona\/\">[give_totals ids=\u00a0\u00bb7535&Prime; message=\u00a0\u00bbGr\u00e2ce \u00e0 vous, nous avons d\u00e9j\u00e0 collect\u00e9 {total} ! Continuons cet effort de g\u00e9n\u00e9rosit\u00e9 pour arriver au budget annuel de 30&rsquo;000 CHF!\u00a0\u00bb]<\/a><\/strong><\/strong><\/p>\n\n\n\n<figure class=\"wp-block-image size-large\"><a href=\"https:\/\/childreninthecloud.org\/projet-donner-une-collation-aux-enfants-de-sona\/\"><img decoding=\"async\" width=\"1024\" height=\"682\" data-src=\"https:\/\/childreninthecloud.org\/wp-content\/uploads\/2016\/12\/ec-1948-DSC00576-1024x682.jpg\" alt=\"\" class=\"wp-image-156 lazyload\" data-srcset=\"https:\/\/childreninthecloud.org\/wp-content\/uploads\/2016\/12\/ec-1948-DSC00576-1024x682.jpg 1024w, https:\/\/childreninthecloud.org\/wp-content\/uploads\/2016\/12\/ec-1948-DSC00576-300x200.jpg 300w, https:\/\/childreninthecloud.org\/wp-content\/uploads\/2016\/12\/ec-1948-DSC00576-768x512.jpg 768w, https:\/\/childreninthecloud.org\/wp-content\/uploads\/2016\/12\/ec-1948-DSC00576.jpg 2000w\" data-sizes=\"auto\" src=\"data:image\/svg+xml;base64,PHN2ZyB3aWR0aD0iMSIgaGVpZ2h0PSIxIiB4bWxucz0iaHR0cDovL3d3dy53My5vcmcvMjAwMC9zdmciPjwvc3ZnPg==\" style=\"--smush-placeholder-width: 1024px; --smush-placeholder-aspect-ratio: 1024\/682;\" data-original-sizes=\"(max-width: 1024px) 100vw, 1024px\" \/><\/a><\/figure>\n","protected":false},"excerpt":{"rendered":"<p>En 2023 inauguramos la nueva escuela de Sona y sus instalaciones. Estos edificios son s\u00f3lo una etapa de nuestro proyecto para la comunidad de Sona. Queremos mejorar las condiciones de vida de los ni\u00f1os que asisten a esta escuela primaria y contribuir tambi\u00e9n a la mejora de la ense\u00f1anza secundaria en la regi\u00f3n de Simien.  Para ello, hemos puesto en marcha los dos proyectos siguientes: <\/p>","protected":false},"author":10,"featured_media":0,"parent":0,"menu_order":0,"comment_status":"closed","ping_status":"closed","template":"","meta":{"footnotes":""},"class_list":["post-7696","page","type-page","status-publish","hentry","latest_post"],"_links":{"self":[{"href":"https:\/\/childreninthecloud.org\/es\/wp-json\/wp\/v2\/pages\/7696","targetHints":{"allow":["GET"]}}],"collection":[{"href":"https:\/\/childreninthecloud.org\/es\/wp-json\/wp\/v2\/pages"}],"about":[{"href":"https:\/\/childreninthecloud.org\/es\/wp-json\/wp\/v2\/types\/page"}],"author":[{"embeddable":true,"href":"https:\/\/childreninthecloud.org\/es\/wp-json\/wp\/v2\/users\/10"}],"replies":[{"embeddable":true,"href":"https:\/\/childreninthecloud.org\/es\/wp-json\/wp\/v2\/comments?post=7696"}],"version-history":[{"count":0,"href":"https:\/\/childreninthecloud.org\/es\/wp-json\/wp\/v2\/pages\/7696\/revisions"}],"wp:attachment":[{"href":"https:\/\/childreninthecloud.org\/es\/wp-json\/wp\/v2\/media?parent=7696"}],"curies":[{"name":"wp","href":"https:\/\/api.w.org\/{rel}","templated":true}]}}